{"id":938,"date":"2018-04-15T19:45:18","date_gmt":"2018-04-15T17:45:18","guid":{"rendered":"https:\/\/www.dentaflux.com\/?post_type=product&#038;p=938"},"modified":"2023-05-31T14:31:06","modified_gmt":"2023-05-31T12:31:06","slug":"dentapellets","status":"publish","type":"product","link":"https:\/\/www.dentaflux.com\/en\/product\/dentapellets\/","title":{"rendered":"Dentapellets"},"content":{"rendered":"<p>Non-toxic thermoplastic plastic polymer with a wide variety of uses. When placed in hot water at 70\u00baC it becomes transparent and can be moulded by hand. When cooled, it becomes white, solid and dimensionally stable. It is reusable as it does not set, and economical. In dentistry it has a multitude of uses replacing waxes and resins. Common uses are the production of individual trays, articulating plates, bite registration, etc.<\/p>","protected":false},"excerpt":{"rendered":"<p>Plastic polymer that can be moulded by hand in water at 70\u00baC. With a multitude of uses it can replace resins and waxes. Reusable. Economical.<\/p>\n<p><strong>Product video on Youtube<\/strong>: <a href=\"https:\/\/www.youtube.com\/watch?v=_XvCBGne-HE\">https:\/\/www.youtube.com\/watch?v=_XvCBGne-HE<\/a><\/p>\n<p>&nbsp;<\/p>\n<a href='https:\/\/www.dentaflux.com\/wp-content\/uploads\/2020\/04\/FDPC-dentapellets.pdf' class='small-button smallblue' target=\"_blank\">Instructions<\/a>","protected":false},"featured_media":2278,"comment_status":"open","ping_status":"closed","template":"","meta":{"_et_pb_use_builder":"off","_et_pb_old_content":"[button link=\"https:\/\/www.dentaflux.com\/wp-content\/uploads\/2020\/04\/FDPC-dentapellets.pdf\" newwindow=\"yes\"] Instrucciones[\/button]\r\n\r\nPol\u00edmero pl\u00e1stico termopl\u00e1stico at\u00f3xico con usos muy variados.\r\n\r\nAl introducirse en agua caliente a 70\u00baC se vuelve transparente y moldeable con las manos. Al enfriarse vuelve a ser de color blanco, solido y estable dimensionalmente.\r\n\r\nEs reutilizable ya que no fragua, y econ\u00f3mico.\r\n\r\nEn odontolog\u00eda tiene multitud de usos sustituyendo a ceras y resinas. Usos comunes son elaboraci\u00f3n\u00a0 de cubetas individuales, placas de articulaci\u00f3n, registro de mordidas, etc\r\n\r\nVideo del producto:\r\n\r\nhttps:\/\/youtu.be\/_XvCBGne-HE","_et_gb_content_width":""},"product_brand":[],"product_cat":[30],"product_tag":[],"class_list":{"0":"post-938","1":"product","2":"type-product","3":"status-publish","4":"has-post-thumbnail","6":"product_cat-diversos","8":"first","9":"instock","10":"taxable","11":"shipping-taxable","12":"purchasable","13":"product-type-simple"},"yoast_head":"<!-- This site is optimized with the Yoast SEO plugin v26.6 - https:\/\/yoast.com\/wordpress\/plugins\/seo\/ -->\n<title>Dentapellets - Dentaflux<\/title>\n<meta name=\"robots\" content=\"index, follow, max-snippet:-1, max-image-preview:large, max-video-preview:-1\" \/>\n<link rel=\"canonical\" href=\"https:\/\/www.dentaflux.com\/en\/product\/dentapellets\/\" \/>\n<meta property=\"og:locale\" content=\"en_GB\" \/>\n<meta property=\"og:type\" content=\"article\" \/>\n<meta property=\"og:title\" content=\"Dentapellets - Dentaflux\" \/>\n<meta property=\"og:description\" content=\"Envase de 100. Pol\u00edmero pl\u00e1stico que se hace moldeable con las manos en agua a 70\u00baC. Con multitud de usos puede sustituir a resinas y ceras. Reutilizable. Econ\u00f3mico.  Video de producto en Youtube: https:\/\/www.youtube.com\/watch?v=_XvCBGne-HE  &nbsp;\" \/>\n<meta property=\"og:url\" content=\"https:\/\/www.dentaflux.com\/en\/product\/dentapellets\/\" \/>\n<meta property=\"og:site_name\" content=\"Dentaflux\" \/>\n<meta property=\"article:publisher\" content=\"https:\/\/www.facebook.com\/profile.php?id=100086302642107\" \/>\n<meta property=\"article:modified_time\" content=\"2023-05-31T12:31:06+00:00\" \/>\n<meta property=\"og:image\" content=\"https:\/\/www.dentaflux.com\/wp-content\/uploads\/2018\/04\/DP-2-1.png\" \/>\n\t<meta property=\"og:image:width\" content=\"600\" \/>\n\t<meta property=\"og:image:height\" content=\"600\" \/>\n\t<meta property=\"og:image:type\" content=\"image\/png\" \/>\n<meta name=\"twitter:card\" content=\"summary_large_image\" \/>\n<script type=\"application\/ld+json\" class=\"yoast-schema-graph\">{\"@context\":\"https:\/\/schema.org\",\"@graph\":[{\"@type\":\"WebPage\",\"@id\":\"https:\/\/www.dentaflux.com\/producto\/dentapellets\/\",\"url\":\"https:\/\/www.dentaflux.com\/producto\/dentapellets\/\",\"name\":\"Dentapellets - Dentaflux\",\"isPartOf\":{\"@id\":\"https:\/\/www.dentaflux.com\/#website\"},\"primaryImageOfPage\":{\"@id\":\"https:\/\/www.dentaflux.com\/producto\/dentapellets\/#primaryimage\"},\"image\":{\"@id\":\"https:\/\/www.dentaflux.com\/producto\/dentapellets\/#primaryimage\"},\"thumbnailUrl\":\"https:\/\/www.dentaflux.com\/wp-content\/uploads\/2018\/04\/DP-2-1.png\",\"datePublished\":\"2018-04-15T17:45:18+00:00\",\"dateModified\":\"2023-05-31T12:31:06+00:00\",\"breadcrumb\":{\"@id\":\"https:\/\/www.dentaflux.com\/producto\/dentapellets\/#breadcrumb\"},\"inLanguage\":\"en-GB\",\"potentialAction\":[{\"@type\":\"ReadAction\",\"target\":[\"https:\/\/www.dentaflux.com\/producto\/dentapellets\/\"]}]},{\"@type\":\"ImageObject\",\"inLanguage\":\"en-GB\",\"@id\":\"https:\/\/www.dentaflux.com\/producto\/dentapellets\/#primaryimage\",\"url\":\"https:\/\/www.dentaflux.com\/wp-content\/uploads\/2018\/04\/DP-2-1.png\",\"contentUrl\":\"https:\/\/www.dentaflux.com\/wp-content\/uploads\/2018\/04\/DP-2-1.png\",\"width\":600,\"height\":600},{\"@type\":\"BreadcrumbList\",\"@id\":\"https:\/\/www.dentaflux.com\/producto\/dentapellets\/#breadcrumb\",\"itemListElement\":[{\"@type\":\"ListItem\",\"position\":1,\"name\":\"Portada\",\"item\":\"https:\/\/www.dentaflux.com\/\"},{\"@type\":\"ListItem\",\"position\":2,\"name\":\"Tienda\",\"item\":\"https:\/\/www.dentaflux.com\/tienda\/\"},{\"@type\":\"ListItem\",\"position\":3,\"name\":\"Dentapellets\"}]},{\"@type\":\"WebSite\",\"@id\":\"https:\/\/www.dentaflux.com\/#website\",\"url\":\"https:\/\/www.dentaflux.com\/\",\"name\":\"Dentaflux\",\"description\":\"Distribuidor de productos dentales\",\"publisher\":{\"@id\":\"https:\/\/www.dentaflux.com\/#organization\"},\"potentialAction\":[{\"@type\":\"SearchAction\",\"target\":{\"@type\":\"EntryPoint\",\"urlTemplate\":\"https:\/\/www.dentaflux.com\/?s={search_term_string}\"},\"query-input\":{\"@type\":\"PropertyValueSpecification\",\"valueRequired\":true,\"valueName\":\"search_term_string\"}}],\"inLanguage\":\"en-GB\"},{\"@type\":\"Organization\",\"@id\":\"https:\/\/www.dentaflux.com\/#organization\",\"name\":\"Dentaflux\",\"url\":\"https:\/\/www.dentaflux.com\/\",\"logo\":{\"@type\":\"ImageObject\",\"inLanguage\":\"en-GB\",\"@id\":\"https:\/\/www.dentaflux.com\/#\/schema\/logo\/image\/\",\"url\":\"https:\/\/www.dentaflux.com\/wp-content\/uploads\/2017\/08\/Logo-DENTAFLUX-1000px-20170725.png\",\"contentUrl\":\"https:\/\/www.dentaflux.com\/wp-content\/uploads\/2017\/08\/Logo-DENTAFLUX-1000px-20170725.png\",\"width\":1000,\"height\":271,\"caption\":\"Dentaflux\"},\"image\":{\"@id\":\"https:\/\/www.dentaflux.com\/#\/schema\/logo\/image\/\"},\"sameAs\":[\"https:\/\/www.facebook.com\/profile.php?id=100086302642107\",\"https:\/\/www.instagram.com\/dentaflux_\/\",\"https:\/\/www.linkedin.com\/company\/3318019\/admin\/feed\/posts\"]}]}<\/script>\n<!-- \/ Yoast SEO plugin. -->","yoast_head_json":{"title":"Dentapellets - Dentaflux","robots":{"index":"index","follow":"follow","max-snippet":"max-snippet:-1","max-image-preview":"max-image-preview:large","max-video-preview":"max-video-preview:-1"},"canonical":"https:\/\/www.dentaflux.com\/en\/product\/dentapellets\/","og_locale":"en_GB","og_type":"article","og_title":"Dentapellets - Dentaflux","og_description":"Envase de 100. Pol\u00edmero pl\u00e1stico que se hace moldeable con las manos en agua a 70\u00baC. Con multitud de usos puede sustituir a resinas y ceras. Reutilizable. Econ\u00f3mico.  Video de producto en Youtube: https:\/\/www.youtube.com\/watch?v=_XvCBGne-HE  &nbsp;","og_url":"https:\/\/www.dentaflux.com\/en\/product\/dentapellets\/","og_site_name":"Dentaflux","article_publisher":"https:\/\/www.facebook.com\/profile.php?id=100086302642107","article_modified_time":"2023-05-31T12:31:06+00:00","og_image":[{"width":600,"height":600,"url":"https:\/\/www.dentaflux.com\/wp-content\/uploads\/2018\/04\/DP-2-1.png","type":"image\/png"}],"twitter_card":"summary_large_image","schema":{"@context":"https:\/\/schema.org","@graph":[{"@type":"WebPage","@id":"https:\/\/www.dentaflux.com\/producto\/dentapellets\/","url":"https:\/\/www.dentaflux.com\/producto\/dentapellets\/","name":"Dentapellets - Dentaflux","isPartOf":{"@id":"https:\/\/www.dentaflux.com\/#website"},"primaryImageOfPage":{"@id":"https:\/\/www.dentaflux.com\/producto\/dentapellets\/#primaryimage"},"image":{"@id":"https:\/\/www.dentaflux.com\/producto\/dentapellets\/#primaryimage"},"thumbnailUrl":"https:\/\/www.dentaflux.com\/wp-content\/uploads\/2018\/04\/DP-2-1.png","datePublished":"2018-04-15T17:45:18+00:00","dateModified":"2023-05-31T12:31:06+00:00","breadcrumb":{"@id":"https:\/\/www.dentaflux.com\/producto\/dentapellets\/#breadcrumb"},"inLanguage":"en-GB","potentialAction":[{"@type":"ReadAction","target":["https:\/\/www.dentaflux.com\/producto\/dentapellets\/"]}]},{"@type":"ImageObject","inLanguage":"en-GB","@id":"https:\/\/www.dentaflux.com\/producto\/dentapellets\/#primaryimage","url":"https:\/\/www.dentaflux.com\/wp-content\/uploads\/2018\/04\/DP-2-1.png","contentUrl":"https:\/\/www.dentaflux.com\/wp-content\/uploads\/2018\/04\/DP-2-1.png","width":600,"height":600},{"@type":"BreadcrumbList","@id":"https:\/\/www.dentaflux.com\/producto\/dentapellets\/#breadcrumb","itemListElement":[{"@type":"ListItem","position":1,"name":"Portada","item":"https:\/\/www.dentaflux.com\/"},{"@type":"ListItem","position":2,"name":"Tienda","item":"https:\/\/www.dentaflux.com\/tienda\/"},{"@type":"ListItem","position":3,"name":"Dentapellets"}]},{"@type":"WebSite","@id":"https:\/\/www.dentaflux.com\/#website","url":"https:\/\/www.dentaflux.com\/","name":"Dentaflux","description":"Distribuidor de productos dentales","publisher":{"@id":"https:\/\/www.dentaflux.com\/#organization"},"potentialAction":[{"@type":"SearchAction","target":{"@type":"EntryPoint","urlTemplate":"https:\/\/www.dentaflux.com\/?s={search_term_string}"},"query-input":{"@type":"PropertyValueSpecification","valueRequired":true,"valueName":"search_term_string"}}],"inLanguage":"en-GB"},{"@type":"Organization","@id":"https:\/\/www.dentaflux.com\/#organization","name":"Dentaflux","url":"https:\/\/www.dentaflux.com\/","logo":{"@type":"ImageObject","inLanguage":"en-GB","@id":"https:\/\/www.dentaflux.com\/#\/schema\/logo\/image\/","url":"https:\/\/www.dentaflux.com\/wp-content\/uploads\/2017\/08\/Logo-DENTAFLUX-1000px-20170725.png","contentUrl":"https:\/\/www.dentaflux.com\/wp-content\/uploads\/2017\/08\/Logo-DENTAFLUX-1000px-20170725.png","width":1000,"height":271,"caption":"Dentaflux"},"image":{"@id":"https:\/\/www.dentaflux.com\/#\/schema\/logo\/image\/"},"sameAs":["https:\/\/www.facebook.com\/profile.php?id=100086302642107","https:\/\/www.instagram.com\/dentaflux_\/","https:\/\/www.linkedin.com\/company\/3318019\/admin\/feed\/posts"]}]}},"_links":{"self":[{"href":"https:\/\/www.dentaflux.com\/en\/wp-json\/wp\/v2\/product\/938","targetHints":{"allow":["GET"]}}],"collection":[{"href":"https:\/\/www.dentaflux.com\/en\/wp-json\/wp\/v2\/product"}],"about":[{"href":"https:\/\/www.dentaflux.com\/en\/wp-json\/wp\/v2\/types\/product"}],"replies":[{"embeddable":true,"href":"https:\/\/www.dentaflux.com\/en\/wp-json\/wp\/v2\/comments?post=938"}],"wp:featuredmedia":[{"embeddable":true,"href":"https:\/\/www.dentaflux.com\/en\/wp-json\/wp\/v2\/media\/2278"}],"wp:attachment":[{"href":"https:\/\/www.dentaflux.com\/en\/wp-json\/wp\/v2\/media?parent=938"}],"wp:term":[{"taxonomy":"product_brand","embeddable":true,"href":"https:\/\/www.dentaflux.com\/en\/wp-json\/wp\/v2\/product_brand?post=938"},{"taxonomy":"product_cat","embeddable":true,"href":"https:\/\/www.dentaflux.com\/en\/wp-json\/wp\/v2\/product_cat?post=938"},{"taxonomy":"product_tag","embeddable":true,"href":"https:\/\/www.dentaflux.com\/en\/wp-json\/wp\/v2\/product_tag?post=938"}],"curies":[{"name":"wp","href":"https:\/\/api.w.org\/{rel}","templated":true}]}}