{"id":640,"date":"2017-11-06T10:03:09","date_gmt":"2017-11-06T09:03:09","guid":{"rendered":"https:\/\/www.dentaflux.com\/?post_type=product&#038;p=640"},"modified":"2025-03-11T10:07:51","modified_gmt":"2025-03-11T09:07:51","slug":"discos-de-corte-de-plasticos","status":"publish","type":"product","link":"https:\/\/www.dentaflux.com\/en\/product\/discos-de-corte-de-plasticos\/","title":{"rendered":"Plastic cutting discs"},"content":{"rendered":"<h2>USES:<\/h2>\n<p>Cutting discs for thermoformed plastics.<\/p>\n<h2>CONTENTS:<\/h2>\n<p>A cutting disc.<\/p>\n<p>&nbsp;<\/p>","protected":false},"excerpt":{"rendered":"<p>Thermoformed plastic cutting disc<\/p>\n<p>Small and robust, it allows easy cutting of hard plates, even thick ones.<\/p>\n<p>It has the following advantages:<\/p>\n<ul>\n<li>Compared to normal cutting discs, it is stronger and avoids disc breakage.<\/li>\n<li>Compared to cutter discs, these discs do not clog up with plastic residues.<\/li>\n<\/ul>","protected":false},"featured_media":4020,"comment_status":"open","ping_status":"closed","template":"","meta":{"_et_pb_use_builder":"","_et_pb_old_content":"","_et_gb_content_width":""},"product_brand":[],"product_cat":[37],"product_tag":[],"class_list":{"0":"post-640","1":"product","2":"type-product","3":"status-publish","4":"has-post-thumbnail","6":"product_cat-termoformacion","8":"first","9":"instock","10":"taxable","11":"shipping-taxable","12":"purchasable","13":"product-type-simple"},"yoast_head":"<!-- This site is optimized with the Yoast SEO plugin v26.6 - https:\/\/yoast.com\/wordpress\/plugins\/seo\/ -->\n<title>Discos de corte de pl\u00e1sticos - Dentaflux<\/title>\n<meta name=\"robots\" content=\"index, follow, max-snippet:-1, max-image-preview:large, max-video-preview:-1\" \/>\n<link rel=\"canonical\" href=\"https:\/\/www.dentaflux.com\/en\/product\/discos-de-corte-de-plasticos\/\" \/>\n<meta property=\"og:locale\" content=\"en_GB\" \/>\n<meta property=\"og:type\" content=\"article\" \/>\n<meta property=\"og:title\" content=\"Discos de corte de pl\u00e1sticos - Dentaflux\" \/>\n<meta property=\"og:description\" content=\"Disco de corte de pl\u00e1sticos termo forma  Peque\u00f1o y robusto permite uncorte sencillo de las placas duras, aunque sean gruesas.  Tiene las siguientes ventajas:   Frente a los discos de corte normales es mas fuerte y se evitan las roturas del disco  Frente a las fresas de corte, estos discos no se embozan con los restos de pl\u00e1stico\" \/>\n<meta property=\"og:url\" content=\"https:\/\/www.dentaflux.com\/en\/product\/discos-de-corte-de-plasticos\/\" \/>\n<meta property=\"og:site_name\" content=\"Dentaflux\" \/>\n<meta property=\"article:publisher\" content=\"https:\/\/www.facebook.com\/profile.php?id=100086302642107\" \/>\n<meta property=\"article:modified_time\" content=\"2025-03-11T09:07:51+00:00\" \/>\n<meta property=\"og:image\" content=\"https:\/\/www.dentaflux.com\/wp-content\/uploads\/2017\/11\/DCP_-_0325-2-fondo-blanco.png\" \/>\n\t<meta property=\"og:image:width\" content=\"499\" \/>\n\t<meta property=\"og:image:height\" content=\"499\" \/>\n\t<meta property=\"og:image:type\" content=\"image\/png\" \/>\n<meta name=\"twitter:card\" content=\"summary_large_image\" \/>\n<meta name=\"twitter:label1\" content=\"Estimated reading time\" \/>\n\t<meta name=\"twitter:data1\" content=\"1 minute\" \/>\n<script type=\"application\/ld+json\" class=\"yoast-schema-graph\">{\"@context\":\"https:\/\/schema.org\",\"@graph\":[{\"@type\":\"WebPage\",\"@id\":\"https:\/\/www.dentaflux.com\/producto\/discos-de-corte-de-plasticos\/\",\"url\":\"https:\/\/www.dentaflux.com\/producto\/discos-de-corte-de-plasticos\/\",\"name\":\"Discos de corte de pl\u00e1sticos - Dentaflux\",\"isPartOf\":{\"@id\":\"https:\/\/www.dentaflux.com\/#website\"},\"primaryImageOfPage\":{\"@id\":\"https:\/\/www.dentaflux.com\/producto\/discos-de-corte-de-plasticos\/#primaryimage\"},\"image\":{\"@id\":\"https:\/\/www.dentaflux.com\/producto\/discos-de-corte-de-plasticos\/#primaryimage\"},\"thumbnailUrl\":\"https:\/\/www.dentaflux.com\/wp-content\/uploads\/2017\/11\/DCP_-_0325-2-fondo-blanco.png\",\"datePublished\":\"2017-11-06T09:03:09+00:00\",\"dateModified\":\"2025-03-11T09:07:51+00:00\",\"breadcrumb\":{\"@id\":\"https:\/\/www.dentaflux.com\/producto\/discos-de-corte-de-plasticos\/#breadcrumb\"},\"inLanguage\":\"en-GB\",\"potentialAction\":[{\"@type\":\"ReadAction\",\"target\":[\"https:\/\/www.dentaflux.com\/producto\/discos-de-corte-de-plasticos\/\"]}]},{\"@type\":\"ImageObject\",\"inLanguage\":\"en-GB\",\"@id\":\"https:\/\/www.dentaflux.com\/producto\/discos-de-corte-de-plasticos\/#primaryimage\",\"url\":\"https:\/\/www.dentaflux.com\/wp-content\/uploads\/2017\/11\/DCP_-_0325-2-fondo-blanco.png\",\"contentUrl\":\"https:\/\/www.dentaflux.com\/wp-content\/uploads\/2017\/11\/DCP_-_0325-2-fondo-blanco.png\",\"width\":499,\"height\":499,\"caption\":\"Disco de corte DCP\"},{\"@type\":\"BreadcrumbList\",\"@id\":\"https:\/\/www.dentaflux.com\/producto\/discos-de-corte-de-plasticos\/#breadcrumb\",\"itemListElement\":[{\"@type\":\"ListItem\",\"position\":1,\"name\":\"Portada\",\"item\":\"https:\/\/www.dentaflux.com\/\"},{\"@type\":\"ListItem\",\"position\":2,\"name\":\"Tienda\",\"item\":\"https:\/\/www.dentaflux.com\/tienda\/\"},{\"@type\":\"ListItem\",\"position\":3,\"name\":\"Discos de corte de pl\u00e1sticos\"}]},{\"@type\":\"WebSite\",\"@id\":\"https:\/\/www.dentaflux.com\/#website\",\"url\":\"https:\/\/www.dentaflux.com\/\",\"name\":\"Dentaflux\",\"description\":\"Distribuidor de productos dentales\",\"publisher\":{\"@id\":\"https:\/\/www.dentaflux.com\/#organization\"},\"potentialAction\":[{\"@type\":\"SearchAction\",\"target\":{\"@type\":\"EntryPoint\",\"urlTemplate\":\"https:\/\/www.dentaflux.com\/?s={search_term_string}\"},\"query-input\":{\"@type\":\"PropertyValueSpecification\",\"valueRequired\":true,\"valueName\":\"search_term_string\"}}],\"inLanguage\":\"en-GB\"},{\"@type\":\"Organization\",\"@id\":\"https:\/\/www.dentaflux.com\/#organization\",\"name\":\"Dentaflux\",\"url\":\"https:\/\/www.dentaflux.com\/\",\"logo\":{\"@type\":\"ImageObject\",\"inLanguage\":\"en-GB\",\"@id\":\"https:\/\/www.dentaflux.com\/#\/schema\/logo\/image\/\",\"url\":\"https:\/\/www.dentaflux.com\/wp-content\/uploads\/2017\/08\/Logo-DENTAFLUX-1000px-20170725.png\",\"contentUrl\":\"https:\/\/www.dentaflux.com\/wp-content\/uploads\/2017\/08\/Logo-DENTAFLUX-1000px-20170725.png\",\"width\":1000,\"height\":271,\"caption\":\"Dentaflux\"},\"image\":{\"@id\":\"https:\/\/www.dentaflux.com\/#\/schema\/logo\/image\/\"},\"sameAs\":[\"https:\/\/www.facebook.com\/profile.php?id=100086302642107\",\"https:\/\/www.instagram.com\/dentaflux_\/\",\"https:\/\/www.linkedin.com\/company\/3318019\/admin\/feed\/posts\"]}]}<\/script>\n<!-- \/ Yoast SEO plugin. -->","yoast_head_json":{"title":"Discos de corte de pl\u00e1sticos - Dentaflux","robots":{"index":"index","follow":"follow","max-snippet":"max-snippet:-1","max-image-preview":"max-image-preview:large","max-video-preview":"max-video-preview:-1"},"canonical":"https:\/\/www.dentaflux.com\/en\/product\/discos-de-corte-de-plasticos\/","og_locale":"en_GB","og_type":"article","og_title":"Discos de corte de pl\u00e1sticos - Dentaflux","og_description":"Disco de corte de pl\u00e1sticos termo forma  Peque\u00f1o y robusto permite uncorte sencillo de las placas duras, aunque sean gruesas.  Tiene las siguientes ventajas:   Frente a los discos de corte normales es mas fuerte y se evitan las roturas del disco  Frente a las fresas de corte, estos discos no se embozan con los restos de pl\u00e1stico","og_url":"https:\/\/www.dentaflux.com\/en\/product\/discos-de-corte-de-plasticos\/","og_site_name":"Dentaflux","article_publisher":"https:\/\/www.facebook.com\/profile.php?id=100086302642107","article_modified_time":"2025-03-11T09:07:51+00:00","og_image":[{"width":499,"height":499,"url":"https:\/\/www.dentaflux.com\/wp-content\/uploads\/2017\/11\/DCP_-_0325-2-fondo-blanco.png","type":"image\/png"}],"twitter_card":"summary_large_image","twitter_misc":{"Estimated reading time":"1 minute"},"schema":{"@context":"https:\/\/schema.org","@graph":[{"@type":"WebPage","@id":"https:\/\/www.dentaflux.com\/producto\/discos-de-corte-de-plasticos\/","url":"https:\/\/www.dentaflux.com\/producto\/discos-de-corte-de-plasticos\/","name":"Discos de corte de pl\u00e1sticos - Dentaflux","isPartOf":{"@id":"https:\/\/www.dentaflux.com\/#website"},"primaryImageOfPage":{"@id":"https:\/\/www.dentaflux.com\/producto\/discos-de-corte-de-plasticos\/#primaryimage"},"image":{"@id":"https:\/\/www.dentaflux.com\/producto\/discos-de-corte-de-plasticos\/#primaryimage"},"thumbnailUrl":"https:\/\/www.dentaflux.com\/wp-content\/uploads\/2017\/11\/DCP_-_0325-2-fondo-blanco.png","datePublished":"2017-11-06T09:03:09+00:00","dateModified":"2025-03-11T09:07:51+00:00","breadcrumb":{"@id":"https:\/\/www.dentaflux.com\/producto\/discos-de-corte-de-plasticos\/#breadcrumb"},"inLanguage":"en-GB","potentialAction":[{"@type":"ReadAction","target":["https:\/\/www.dentaflux.com\/producto\/discos-de-corte-de-plasticos\/"]}]},{"@type":"ImageObject","inLanguage":"en-GB","@id":"https:\/\/www.dentaflux.com\/producto\/discos-de-corte-de-plasticos\/#primaryimage","url":"https:\/\/www.dentaflux.com\/wp-content\/uploads\/2017\/11\/DCP_-_0325-2-fondo-blanco.png","contentUrl":"https:\/\/www.dentaflux.com\/wp-content\/uploads\/2017\/11\/DCP_-_0325-2-fondo-blanco.png","width":499,"height":499,"caption":"Disco de corte DCP"},{"@type":"BreadcrumbList","@id":"https:\/\/www.dentaflux.com\/producto\/discos-de-corte-de-plasticos\/#breadcrumb","itemListElement":[{"@type":"ListItem","position":1,"name":"Portada","item":"https:\/\/www.dentaflux.com\/"},{"@type":"ListItem","position":2,"name":"Tienda","item":"https:\/\/www.dentaflux.com\/tienda\/"},{"@type":"ListItem","position":3,"name":"Discos de corte de pl\u00e1sticos"}]},{"@type":"WebSite","@id":"https:\/\/www.dentaflux.com\/#website","url":"https:\/\/www.dentaflux.com\/","name":"Dentaflux","description":"Distribuidor de productos dentales","publisher":{"@id":"https:\/\/www.dentaflux.com\/#organization"},"potentialAction":[{"@type":"SearchAction","target":{"@type":"EntryPoint","urlTemplate":"https:\/\/www.dentaflux.com\/?s={search_term_string}"},"query-input":{"@type":"PropertyValueSpecification","valueRequired":true,"valueName":"search_term_string"}}],"inLanguage":"en-GB"},{"@type":"Organization","@id":"https:\/\/www.dentaflux.com\/#organization","name":"Dentaflux","url":"https:\/\/www.dentaflux.com\/","logo":{"@type":"ImageObject","inLanguage":"en-GB","@id":"https:\/\/www.dentaflux.com\/#\/schema\/logo\/image\/","url":"https:\/\/www.dentaflux.com\/wp-content\/uploads\/2017\/08\/Logo-DENTAFLUX-1000px-20170725.png","contentUrl":"https:\/\/www.dentaflux.com\/wp-content\/uploads\/2017\/08\/Logo-DENTAFLUX-1000px-20170725.png","width":1000,"height":271,"caption":"Dentaflux"},"image":{"@id":"https:\/\/www.dentaflux.com\/#\/schema\/logo\/image\/"},"sameAs":["https:\/\/www.facebook.com\/profile.php?id=100086302642107","https:\/\/www.instagram.com\/dentaflux_\/","https:\/\/www.linkedin.com\/company\/3318019\/admin\/feed\/posts"]}]}},"_links":{"self":[{"href":"https:\/\/www.dentaflux.com\/en\/wp-json\/wp\/v2\/product\/640","targetHints":{"allow":["GET"]}}],"collection":[{"href":"https:\/\/www.dentaflux.com\/en\/wp-json\/wp\/v2\/product"}],"about":[{"href":"https:\/\/www.dentaflux.com\/en\/wp-json\/wp\/v2\/types\/product"}],"replies":[{"embeddable":true,"href":"https:\/\/www.dentaflux.com\/en\/wp-json\/wp\/v2\/comments?post=640"}],"wp:featuredmedia":[{"embeddable":true,"href":"https:\/\/www.dentaflux.com\/en\/wp-json\/wp\/v2\/media\/4020"}],"wp:attachment":[{"href":"https:\/\/www.dentaflux.com\/en\/wp-json\/wp\/v2\/media?parent=640"}],"wp:term":[{"taxonomy":"product_brand","embeddable":true,"href":"https:\/\/www.dentaflux.com\/en\/wp-json\/wp\/v2\/product_brand?post=640"},{"taxonomy":"product_cat","embeddable":true,"href":"https:\/\/www.dentaflux.com\/en\/wp-json\/wp\/v2\/product_cat?post=640"},{"taxonomy":"product_tag","embeddable":true,"href":"https:\/\/www.dentaflux.com\/en\/wp-json\/wp\/v2\/product_tag?post=640"}],"curies":[{"name":"wp","href":"https:\/\/api.w.org\/{rel}","templated":true}]}}