{"id":618,"date":"2017-11-03T11:31:36","date_gmt":"2017-11-03T10:31:36","guid":{"rendered":"https:\/\/www.dentaflux.com\/?post_type=product&#038;p=618"},"modified":"2024-11-11T13:20:34","modified_gmt":"2024-11-11T12:20:34","slug":"the-machine","status":"publish","type":"product","link":"https:\/\/www.dentaflux.com\/en\/product\/the-machine\/","title":{"rendered":"Thermoplastic retrofitting machine"},"content":{"rendered":"<p>Machine for thermoplastic adaptations with square plates. Accepts any plate thickness available on the market.<\/p>\n<p>220 Volt. With full technical service and 2 year warranty. CE certified, two year warranty.<\/p>\n<p>Includes sample plates.<\/p>","protected":false},"excerpt":{"rendered":"<p>Machine for thermoplastic adaptations. Two years warranty and CE certificate.<\/p>","protected":false},"featured_media":2342,"comment_status":"open","ping_status":"closed","template":"","meta":{"_et_pb_use_builder":"on","_et_pb_old_content":"M\u00e1quina para realizar adaptaciones termopl\u00e1sticas con placas cuadradas. Acepta cualquier grosor de placas disponibles en el mercado.\r\n\r\n220 Voltios. Con servicio t\u00e9cnico completo y garant\u00eda de 2 a\u00f1os.certificado CE, dos a\u00f1os de garant\u00eda\r\n\r\nIncluye planchas de muestra.","_et_gb_content_width":""},"product_brand":[],"product_cat":[37],"product_tag":[],"class_list":{"0":"post-618","1":"product","2":"type-product","3":"status-publish","4":"has-post-thumbnail","6":"product_cat-termoformacion","8":"first","9":"instock","10":"taxable","11":"shipping-taxable","12":"purchasable","13":"product-type-variable"},"yoast_head":"<!-- This site is optimized with the Yoast SEO plugin v26.6 - https:\/\/yoast.com\/wordpress\/plugins\/seo\/ -->\n<title>M\u00e1quina adaptaciones termopl\u00e1sticas - Dentaflux<\/title>\n<meta name=\"robots\" content=\"index, follow, max-snippet:-1, max-image-preview:large, max-video-preview:-1\" \/>\n<link rel=\"canonical\" href=\"https:\/\/www.dentaflux.com\/en\/product\/the-machine\/\" \/>\n<meta property=\"og:locale\" content=\"en_GB\" \/>\n<meta property=\"og:type\" content=\"article\" \/>\n<meta property=\"og:title\" content=\"M\u00e1quina adaptaciones termopl\u00e1sticas - Dentaflux\" \/>\n<meta property=\"og:description\" content=\"M\u00e1quina de adaptaciones termopl\u00e1sticas. Dos a\u00f1os de garant\u00eda y certificado CE.\" \/>\n<meta property=\"og:url\" content=\"https:\/\/www.dentaflux.com\/en\/product\/the-machine\/\" \/>\n<meta property=\"og:site_name\" content=\"Dentaflux\" \/>\n<meta property=\"article:publisher\" content=\"https:\/\/www.facebook.com\/profile.php?id=100086302642107\" \/>\n<meta property=\"article:modified_time\" content=\"2024-11-11T12:20:34+00:00\" \/>\n<meta property=\"og:image\" content=\"https:\/\/www.dentaflux.com\/wp-content\/uploads\/2017\/11\/Machine-en-proceso.png\" \/>\n\t<meta property=\"og:image:width\" content=\"600\" \/>\n\t<meta property=\"og:image:height\" content=\"600\" \/>\n\t<meta property=\"og:image:type\" content=\"image\/png\" \/>\n<meta name=\"twitter:card\" content=\"summary_large_image\" \/>\n<meta name=\"twitter:label1\" content=\"Estimated reading time\" \/>\n\t<meta name=\"twitter:data1\" content=\"1 minute\" \/>\n<script type=\"application\/ld+json\" class=\"yoast-schema-graph\">{\"@context\":\"https:\/\/schema.org\",\"@graph\":[{\"@type\":\"WebPage\",\"@id\":\"https:\/\/www.dentaflux.com\/producto\/the-machine\/\",\"url\":\"https:\/\/www.dentaflux.com\/producto\/the-machine\/\",\"name\":\"M\u00e1quina adaptaciones termopl\u00e1sticas - Dentaflux\",\"isPartOf\":{\"@id\":\"https:\/\/www.dentaflux.com\/#website\"},\"primaryImageOfPage\":{\"@id\":\"https:\/\/www.dentaflux.com\/producto\/the-machine\/#primaryimage\"},\"image\":{\"@id\":\"https:\/\/www.dentaflux.com\/producto\/the-machine\/#primaryimage\"},\"thumbnailUrl\":\"https:\/\/www.dentaflux.com\/wp-content\/uploads\/2017\/11\/Machine-en-proceso.png\",\"datePublished\":\"2017-11-03T10:31:36+00:00\",\"dateModified\":\"2024-11-11T12:20:34+00:00\",\"breadcrumb\":{\"@id\":\"https:\/\/www.dentaflux.com\/producto\/the-machine\/#breadcrumb\"},\"inLanguage\":\"en-GB\",\"potentialAction\":[{\"@type\":\"ReadAction\",\"target\":[\"https:\/\/www.dentaflux.com\/producto\/the-machine\/\"]}]},{\"@type\":\"ImageObject\",\"inLanguage\":\"en-GB\",\"@id\":\"https:\/\/www.dentaflux.com\/producto\/the-machine\/#primaryimage\",\"url\":\"https:\/\/www.dentaflux.com\/wp-content\/uploads\/2017\/11\/Machine-en-proceso.png\",\"contentUrl\":\"https:\/\/www.dentaflux.com\/wp-content\/uploads\/2017\/11\/Machine-en-proceso.png\",\"width\":600,\"height\":600},{\"@type\":\"BreadcrumbList\",\"@id\":\"https:\/\/www.dentaflux.com\/producto\/the-machine\/#breadcrumb\",\"itemListElement\":[{\"@type\":\"ListItem\",\"position\":1,\"name\":\"Portada\",\"item\":\"https:\/\/www.dentaflux.com\/\"},{\"@type\":\"ListItem\",\"position\":2,\"name\":\"Tienda\",\"item\":\"https:\/\/www.dentaflux.com\/tienda\/\"},{\"@type\":\"ListItem\",\"position\":3,\"name\":\"M\u00e1quina adaptaciones termopl\u00e1sticas\"}]},{\"@type\":\"WebSite\",\"@id\":\"https:\/\/www.dentaflux.com\/#website\",\"url\":\"https:\/\/www.dentaflux.com\/\",\"name\":\"Dentaflux\",\"description\":\"Distribuidor de productos dentales\",\"publisher\":{\"@id\":\"https:\/\/www.dentaflux.com\/#organization\"},\"potentialAction\":[{\"@type\":\"SearchAction\",\"target\":{\"@type\":\"EntryPoint\",\"urlTemplate\":\"https:\/\/www.dentaflux.com\/?s={search_term_string}\"},\"query-input\":{\"@type\":\"PropertyValueSpecification\",\"valueRequired\":true,\"valueName\":\"search_term_string\"}}],\"inLanguage\":\"en-GB\"},{\"@type\":\"Organization\",\"@id\":\"https:\/\/www.dentaflux.com\/#organization\",\"name\":\"Dentaflux\",\"url\":\"https:\/\/www.dentaflux.com\/\",\"logo\":{\"@type\":\"ImageObject\",\"inLanguage\":\"en-GB\",\"@id\":\"https:\/\/www.dentaflux.com\/#\/schema\/logo\/image\/\",\"url\":\"https:\/\/www.dentaflux.com\/wp-content\/uploads\/2017\/08\/Logo-DENTAFLUX-1000px-20170725.png\",\"contentUrl\":\"https:\/\/www.dentaflux.com\/wp-content\/uploads\/2017\/08\/Logo-DENTAFLUX-1000px-20170725.png\",\"width\":1000,\"height\":271,\"caption\":\"Dentaflux\"},\"image\":{\"@id\":\"https:\/\/www.dentaflux.com\/#\/schema\/logo\/image\/\"},\"sameAs\":[\"https:\/\/www.facebook.com\/profile.php?id=100086302642107\",\"https:\/\/www.instagram.com\/dentaflux_\/\",\"https:\/\/www.linkedin.com\/company\/3318019\/admin\/feed\/posts\"]}]}<\/script>\n<!-- \/ Yoast SEO plugin. -->","yoast_head_json":{"title":"M\u00e1quina adaptaciones termopl\u00e1sticas - Dentaflux","robots":{"index":"index","follow":"follow","max-snippet":"max-snippet:-1","max-image-preview":"max-image-preview:large","max-video-preview":"max-video-preview:-1"},"canonical":"https:\/\/www.dentaflux.com\/en\/product\/the-machine\/","og_locale":"en_GB","og_type":"article","og_title":"M\u00e1quina adaptaciones termopl\u00e1sticas - Dentaflux","og_description":"M\u00e1quina de adaptaciones termopl\u00e1sticas. Dos a\u00f1os de garant\u00eda y certificado CE.","og_url":"https:\/\/www.dentaflux.com\/en\/product\/the-machine\/","og_site_name":"Dentaflux","article_publisher":"https:\/\/www.facebook.com\/profile.php?id=100086302642107","article_modified_time":"2024-11-11T12:20:34+00:00","og_image":[{"width":600,"height":600,"url":"https:\/\/www.dentaflux.com\/wp-content\/uploads\/2017\/11\/Machine-en-proceso.png","type":"image\/png"}],"twitter_card":"summary_large_image","twitter_misc":{"Estimated reading time":"1 minute"},"schema":{"@context":"https:\/\/schema.org","@graph":[{"@type":"WebPage","@id":"https:\/\/www.dentaflux.com\/producto\/the-machine\/","url":"https:\/\/www.dentaflux.com\/producto\/the-machine\/","name":"M\u00e1quina adaptaciones termopl\u00e1sticas - Dentaflux","isPartOf":{"@id":"https:\/\/www.dentaflux.com\/#website"},"primaryImageOfPage":{"@id":"https:\/\/www.dentaflux.com\/producto\/the-machine\/#primaryimage"},"image":{"@id":"https:\/\/www.dentaflux.com\/producto\/the-machine\/#primaryimage"},"thumbnailUrl":"https:\/\/www.dentaflux.com\/wp-content\/uploads\/2017\/11\/Machine-en-proceso.png","datePublished":"2017-11-03T10:31:36+00:00","dateModified":"2024-11-11T12:20:34+00:00","breadcrumb":{"@id":"https:\/\/www.dentaflux.com\/producto\/the-machine\/#breadcrumb"},"inLanguage":"en-GB","potentialAction":[{"@type":"ReadAction","target":["https:\/\/www.dentaflux.com\/producto\/the-machine\/"]}]},{"@type":"ImageObject","inLanguage":"en-GB","@id":"https:\/\/www.dentaflux.com\/producto\/the-machine\/#primaryimage","url":"https:\/\/www.dentaflux.com\/wp-content\/uploads\/2017\/11\/Machine-en-proceso.png","contentUrl":"https:\/\/www.dentaflux.com\/wp-content\/uploads\/2017\/11\/Machine-en-proceso.png","width":600,"height":600},{"@type":"BreadcrumbList","@id":"https:\/\/www.dentaflux.com\/producto\/the-machine\/#breadcrumb","itemListElement":[{"@type":"ListItem","position":1,"name":"Portada","item":"https:\/\/www.dentaflux.com\/"},{"@type":"ListItem","position":2,"name":"Tienda","item":"https:\/\/www.dentaflux.com\/tienda\/"},{"@type":"ListItem","position":3,"name":"M\u00e1quina adaptaciones termopl\u00e1sticas"}]},{"@type":"WebSite","@id":"https:\/\/www.dentaflux.com\/#website","url":"https:\/\/www.dentaflux.com\/","name":"Dentaflux","description":"Distribuidor de productos dentales","publisher":{"@id":"https:\/\/www.dentaflux.com\/#organization"},"potentialAction":[{"@type":"SearchAction","target":{"@type":"EntryPoint","urlTemplate":"https:\/\/www.dentaflux.com\/?s={search_term_string}"},"query-input":{"@type":"PropertyValueSpecification","valueRequired":true,"valueName":"search_term_string"}}],"inLanguage":"en-GB"},{"@type":"Organization","@id":"https:\/\/www.dentaflux.com\/#organization","name":"Dentaflux","url":"https:\/\/www.dentaflux.com\/","logo":{"@type":"ImageObject","inLanguage":"en-GB","@id":"https:\/\/www.dentaflux.com\/#\/schema\/logo\/image\/","url":"https:\/\/www.dentaflux.com\/wp-content\/uploads\/2017\/08\/Logo-DENTAFLUX-1000px-20170725.png","contentUrl":"https:\/\/www.dentaflux.com\/wp-content\/uploads\/2017\/08\/Logo-DENTAFLUX-1000px-20170725.png","width":1000,"height":271,"caption":"Dentaflux"},"image":{"@id":"https:\/\/www.dentaflux.com\/#\/schema\/logo\/image\/"},"sameAs":["https:\/\/www.facebook.com\/profile.php?id=100086302642107","https:\/\/www.instagram.com\/dentaflux_\/","https:\/\/www.linkedin.com\/company\/3318019\/admin\/feed\/posts"]}]}},"_links":{"self":[{"href":"https:\/\/www.dentaflux.com\/en\/wp-json\/wp\/v2\/product\/618","targetHints":{"allow":["GET"]}}],"collection":[{"href":"https:\/\/www.dentaflux.com\/en\/wp-json\/wp\/v2\/product"}],"about":[{"href":"https:\/\/www.dentaflux.com\/en\/wp-json\/wp\/v2\/types\/product"}],"replies":[{"embeddable":true,"href":"https:\/\/www.dentaflux.com\/en\/wp-json\/wp\/v2\/comments?post=618"}],"wp:featuredmedia":[{"embeddable":true,"href":"https:\/\/www.dentaflux.com\/en\/wp-json\/wp\/v2\/media\/2342"}],"wp:attachment":[{"href":"https:\/\/www.dentaflux.com\/en\/wp-json\/wp\/v2\/media?parent=618"}],"wp:term":[{"taxonomy":"product_brand","embeddable":true,"href":"https:\/\/www.dentaflux.com\/en\/wp-json\/wp\/v2\/product_brand?post=618"},{"taxonomy":"product_cat","embeddable":true,"href":"https:\/\/www.dentaflux.com\/en\/wp-json\/wp\/v2\/product_cat?post=618"},{"taxonomy":"product_tag","embeddable":true,"href":"https:\/\/www.dentaflux.com\/en\/wp-json\/wp\/v2\/product_tag?post=618"}],"curies":[{"name":"wp","href":"https:\/\/api.w.org\/{rel}","templated":true}]}}