{"id":4147,"date":"2025-07-22T10:13:20","date_gmt":"2025-07-22T08:13:20","guid":{"rendered":"https:\/\/www.dentaflux.com\/?post_type=product&#038;p=4147"},"modified":"2025-07-22T10:15:53","modified_gmt":"2025-07-22T08:15:53","slug":"placas-duales-dlg1","status":"publish","type":"product","link":"https:\/\/www.dentaflux.com\/en\/product\/placas-duales-dlg1\/","title":{"rendered":"NUEVAS Placas duales DLG1"},"content":{"rendered":"<p>Soft\/hard bruxism splints.<\/p>\n<p>Con una parte dura, la oclusal, sobre la que se puede colocar resina auto, ya que suelda con el material.<\/p>\n<p>And a soft layer that provides great comfort for the patient.<\/p>\n<p>Se presentan en paquetes de 10 placas envasadas al vac\u00edo; compuestas por una parte blanda de 2mm, y una parte dura de 1 mm<\/p>\n<p>El proceso de calentamiento para la adaptaci\u00f3n es diferente del resto de las placas: Hay que calentar primero la parte blanda y despu\u00e9s dar la vuelta a la placa y calentar la parte dura, y tras ello bajar la placa para realizar la adaptaci\u00f3n. El motivo es que una placa a\u00edsla del calor a la otra y si se colocan a calentar desde el principio con la parte blanda hacia abajo, que es como quedar\u00e1 al final, puede que la parte blanda quede fr\u00eda y no se adapte bien.<\/p>\n<p>&nbsp;<\/p>","protected":false},"excerpt":{"rendered":"<p>Dual plates for bruxism and exis splints. Pack of 12 plates of 2mm (soft) + 1mm (hard).<\/p>\n<a href='https:\/\/www.dentaflux.com\/wp-content\/uploads\/2020\/04\/FS-DLG-V2.pdf' class='small-button smallblue' target=\"_blank\">Safety data sheet<\/a>","protected":false},"featured_media":2343,"comment_status":"open","ping_status":"closed","template":"","meta":{"_et_pb_use_builder":"","_et_pb_old_content":"","_et_gb_content_width":""},"product_brand":[],"product_cat":[37],"product_tag":[],"class_list":{"0":"post-4147","1":"product","2":"type-product","3":"status-publish","4":"has-post-thumbnail","6":"product_cat-termoformacion","8":"first","9":"instock","10":"taxable","11":"shipping-taxable","12":"purchasable","13":"product-type-simple"},"yoast_head":"<!-- This site is optimized with the Yoast SEO plugin v26.6 - https:\/\/yoast.com\/wordpress\/plugins\/seo\/ -->\n<title>NUEVAS Placas duales DLG1 - Dentaflux<\/title>\n<meta name=\"robots\" content=\"index, follow, max-snippet:-1, max-image-preview:large, max-video-preview:-1\" \/>\n<link rel=\"canonical\" href=\"https:\/\/www.dentaflux.com\/en\/product\/placas-duales-dlg1\/\" \/>\n<meta property=\"og:locale\" content=\"en_GB\" \/>\n<meta property=\"og:type\" content=\"article\" \/>\n<meta property=\"og:title\" content=\"NUEVAS Placas duales DLG1 - Dentaflux\" \/>\n<meta property=\"og:description\" content=\"Placas duales para f\u00e9rulas de bruxismo y exis. Envase de 12 planchas de 2mm (blando) + 1mm (duro).\" \/>\n<meta property=\"og:url\" content=\"https:\/\/www.dentaflux.com\/en\/product\/placas-duales-dlg1\/\" \/>\n<meta property=\"og:site_name\" content=\"Dentaflux\" \/>\n<meta property=\"article:publisher\" content=\"https:\/\/www.facebook.com\/profile.php?id=100086302642107\" \/>\n<meta property=\"article:modified_time\" content=\"2025-07-22T08:15:53+00:00\" \/>\n<meta property=\"og:image\" content=\"https:\/\/www.dentaflux.com\/wp-content\/uploads\/2017\/11\/DLG.png\" \/>\n\t<meta property=\"og:image:width\" content=\"600\" \/>\n\t<meta property=\"og:image:height\" content=\"600\" \/>\n\t<meta property=\"og:image:type\" content=\"image\/png\" \/>\n<meta name=\"twitter:card\" content=\"summary_large_image\" \/>\n<meta name=\"twitter:label1\" content=\"Estimated reading time\" \/>\n\t<meta name=\"twitter:data1\" content=\"1 minute\" \/>\n<script type=\"application\/ld+json\" class=\"yoast-schema-graph\">{\"@context\":\"https:\/\/schema.org\",\"@graph\":[{\"@type\":\"WebPage\",\"@id\":\"https:\/\/www.dentaflux.com\/producto\/placas-duales-dlg1\/\",\"url\":\"https:\/\/www.dentaflux.com\/producto\/placas-duales-dlg1\/\",\"name\":\"NUEVAS Placas duales DLG1 - Dentaflux\",\"isPartOf\":{\"@id\":\"https:\/\/www.dentaflux.com\/#website\"},\"primaryImageOfPage\":{\"@id\":\"https:\/\/www.dentaflux.com\/producto\/placas-duales-dlg1\/#primaryimage\"},\"image\":{\"@id\":\"https:\/\/www.dentaflux.com\/producto\/placas-duales-dlg1\/#primaryimage\"},\"thumbnailUrl\":\"https:\/\/www.dentaflux.com\/wp-content\/uploads\/2017\/11\/DLG.png\",\"datePublished\":\"2025-07-22T08:13:20+00:00\",\"dateModified\":\"2025-07-22T08:15:53+00:00\",\"breadcrumb\":{\"@id\":\"https:\/\/www.dentaflux.com\/producto\/placas-duales-dlg1\/#breadcrumb\"},\"inLanguage\":\"en-GB\",\"potentialAction\":[{\"@type\":\"ReadAction\",\"target\":[\"https:\/\/www.dentaflux.com\/producto\/placas-duales-dlg1\/\"]}]},{\"@type\":\"ImageObject\",\"inLanguage\":\"en-GB\",\"@id\":\"https:\/\/www.dentaflux.com\/producto\/placas-duales-dlg1\/#primaryimage\",\"url\":\"https:\/\/www.dentaflux.com\/wp-content\/uploads\/2017\/11\/DLG.png\",\"contentUrl\":\"https:\/\/www.dentaflux.com\/wp-content\/uploads\/2017\/11\/DLG.png\",\"width\":600,\"height\":600},{\"@type\":\"BreadcrumbList\",\"@id\":\"https:\/\/www.dentaflux.com\/producto\/placas-duales-dlg1\/#breadcrumb\",\"itemListElement\":[{\"@type\":\"ListItem\",\"position\":1,\"name\":\"Portada\",\"item\":\"https:\/\/www.dentaflux.com\/\"},{\"@type\":\"ListItem\",\"position\":2,\"name\":\"Tienda\",\"item\":\"https:\/\/www.dentaflux.com\/tienda\/\"},{\"@type\":\"ListItem\",\"position\":3,\"name\":\"NUEVAS Placas duales DLG1\"}]},{\"@type\":\"WebSite\",\"@id\":\"https:\/\/www.dentaflux.com\/#website\",\"url\":\"https:\/\/www.dentaflux.com\/\",\"name\":\"Dentaflux\",\"description\":\"Distribuidor de productos dentales\",\"publisher\":{\"@id\":\"https:\/\/www.dentaflux.com\/#organization\"},\"potentialAction\":[{\"@type\":\"SearchAction\",\"target\":{\"@type\":\"EntryPoint\",\"urlTemplate\":\"https:\/\/www.dentaflux.com\/?s={search_term_string}\"},\"query-input\":{\"@type\":\"PropertyValueSpecification\",\"valueRequired\":true,\"valueName\":\"search_term_string\"}}],\"inLanguage\":\"en-GB\"},{\"@type\":\"Organization\",\"@id\":\"https:\/\/www.dentaflux.com\/#organization\",\"name\":\"Dentaflux\",\"url\":\"https:\/\/www.dentaflux.com\/\",\"logo\":{\"@type\":\"ImageObject\",\"inLanguage\":\"en-GB\",\"@id\":\"https:\/\/www.dentaflux.com\/#\/schema\/logo\/image\/\",\"url\":\"https:\/\/www.dentaflux.com\/wp-content\/uploads\/2017\/08\/Logo-DENTAFLUX-1000px-20170725.png\",\"contentUrl\":\"https:\/\/www.dentaflux.com\/wp-content\/uploads\/2017\/08\/Logo-DENTAFLUX-1000px-20170725.png\",\"width\":1000,\"height\":271,\"caption\":\"Dentaflux\"},\"image\":{\"@id\":\"https:\/\/www.dentaflux.com\/#\/schema\/logo\/image\/\"},\"sameAs\":[\"https:\/\/www.facebook.com\/profile.php?id=100086302642107\",\"https:\/\/www.instagram.com\/dentaflux_\/\",\"https:\/\/www.linkedin.com\/company\/3318019\/admin\/feed\/posts\"]}]}<\/script>\n<!-- \/ Yoast SEO plugin. -->","yoast_head_json":{"title":"NUEVAS Placas duales DLG1 - Dentaflux","robots":{"index":"index","follow":"follow","max-snippet":"max-snippet:-1","max-image-preview":"max-image-preview:large","max-video-preview":"max-video-preview:-1"},"canonical":"https:\/\/www.dentaflux.com\/en\/product\/placas-duales-dlg1\/","og_locale":"en_GB","og_type":"article","og_title":"NUEVAS Placas duales DLG1 - Dentaflux","og_description":"Placas duales para f\u00e9rulas de bruxismo y exis. Envase de 12 planchas de 2mm (blando) + 1mm (duro).","og_url":"https:\/\/www.dentaflux.com\/en\/product\/placas-duales-dlg1\/","og_site_name":"Dentaflux","article_publisher":"https:\/\/www.facebook.com\/profile.php?id=100086302642107","article_modified_time":"2025-07-22T08:15:53+00:00","og_image":[{"width":600,"height":600,"url":"https:\/\/www.dentaflux.com\/wp-content\/uploads\/2017\/11\/DLG.png","type":"image\/png"}],"twitter_card":"summary_large_image","twitter_misc":{"Estimated reading time":"1 minute"},"schema":{"@context":"https:\/\/schema.org","@graph":[{"@type":"WebPage","@id":"https:\/\/www.dentaflux.com\/producto\/placas-duales-dlg1\/","url":"https:\/\/www.dentaflux.com\/producto\/placas-duales-dlg1\/","name":"NUEVAS Placas duales DLG1 - Dentaflux","isPartOf":{"@id":"https:\/\/www.dentaflux.com\/#website"},"primaryImageOfPage":{"@id":"https:\/\/www.dentaflux.com\/producto\/placas-duales-dlg1\/#primaryimage"},"image":{"@id":"https:\/\/www.dentaflux.com\/producto\/placas-duales-dlg1\/#primaryimage"},"thumbnailUrl":"https:\/\/www.dentaflux.com\/wp-content\/uploads\/2017\/11\/DLG.png","datePublished":"2025-07-22T08:13:20+00:00","dateModified":"2025-07-22T08:15:53+00:00","breadcrumb":{"@id":"https:\/\/www.dentaflux.com\/producto\/placas-duales-dlg1\/#breadcrumb"},"inLanguage":"en-GB","potentialAction":[{"@type":"ReadAction","target":["https:\/\/www.dentaflux.com\/producto\/placas-duales-dlg1\/"]}]},{"@type":"ImageObject","inLanguage":"en-GB","@id":"https:\/\/www.dentaflux.com\/producto\/placas-duales-dlg1\/#primaryimage","url":"https:\/\/www.dentaflux.com\/wp-content\/uploads\/2017\/11\/DLG.png","contentUrl":"https:\/\/www.dentaflux.com\/wp-content\/uploads\/2017\/11\/DLG.png","width":600,"height":600},{"@type":"BreadcrumbList","@id":"https:\/\/www.dentaflux.com\/producto\/placas-duales-dlg1\/#breadcrumb","itemListElement":[{"@type":"ListItem","position":1,"name":"Portada","item":"https:\/\/www.dentaflux.com\/"},{"@type":"ListItem","position":2,"name":"Tienda","item":"https:\/\/www.dentaflux.com\/tienda\/"},{"@type":"ListItem","position":3,"name":"NUEVAS Placas duales DLG1"}]},{"@type":"WebSite","@id":"https:\/\/www.dentaflux.com\/#website","url":"https:\/\/www.dentaflux.com\/","name":"Dentaflux","description":"Distribuidor de productos dentales","publisher":{"@id":"https:\/\/www.dentaflux.com\/#organization"},"potentialAction":[{"@type":"SearchAction","target":{"@type":"EntryPoint","urlTemplate":"https:\/\/www.dentaflux.com\/?s={search_term_string}"},"query-input":{"@type":"PropertyValueSpecification","valueRequired":true,"valueName":"search_term_string"}}],"inLanguage":"en-GB"},{"@type":"Organization","@id":"https:\/\/www.dentaflux.com\/#organization","name":"Dentaflux","url":"https:\/\/www.dentaflux.com\/","logo":{"@type":"ImageObject","inLanguage":"en-GB","@id":"https:\/\/www.dentaflux.com\/#\/schema\/logo\/image\/","url":"https:\/\/www.dentaflux.com\/wp-content\/uploads\/2017\/08\/Logo-DENTAFLUX-1000px-20170725.png","contentUrl":"https:\/\/www.dentaflux.com\/wp-content\/uploads\/2017\/08\/Logo-DENTAFLUX-1000px-20170725.png","width":1000,"height":271,"caption":"Dentaflux"},"image":{"@id":"https:\/\/www.dentaflux.com\/#\/schema\/logo\/image\/"},"sameAs":["https:\/\/www.facebook.com\/profile.php?id=100086302642107","https:\/\/www.instagram.com\/dentaflux_\/","https:\/\/www.linkedin.com\/company\/3318019\/admin\/feed\/posts"]}]}},"_links":{"self":[{"href":"https:\/\/www.dentaflux.com\/en\/wp-json\/wp\/v2\/product\/4147","targetHints":{"allow":["GET"]}}],"collection":[{"href":"https:\/\/www.dentaflux.com\/en\/wp-json\/wp\/v2\/product"}],"about":[{"href":"https:\/\/www.dentaflux.com\/en\/wp-json\/wp\/v2\/types\/product"}],"replies":[{"embeddable":true,"href":"https:\/\/www.dentaflux.com\/en\/wp-json\/wp\/v2\/comments?post=4147"}],"wp:featuredmedia":[{"embeddable":true,"href":"https:\/\/www.dentaflux.com\/en\/wp-json\/wp\/v2\/media\/2343"}],"wp:attachment":[{"href":"https:\/\/www.dentaflux.com\/en\/wp-json\/wp\/v2\/media?parent=4147"}],"wp:term":[{"taxonomy":"product_brand","embeddable":true,"href":"https:\/\/www.dentaflux.com\/en\/wp-json\/wp\/v2\/product_brand?post=4147"},{"taxonomy":"product_cat","embeddable":true,"href":"https:\/\/www.dentaflux.com\/en\/wp-json\/wp\/v2\/product_cat?post=4147"},{"taxonomy":"product_tag","embeddable":true,"href":"https:\/\/www.dentaflux.com\/en\/wp-json\/wp\/v2\/product_tag?post=4147"}],"curies":[{"name":"wp","href":"https:\/\/api.w.org\/{rel}","templated":true}]}}