{"id":2078,"date":"2023-02-28T13:29:53","date_gmt":"2023-02-28T12:29:53","guid":{"rendered":"https:\/\/www.dentaflux.com\/?post_type=product&#038;p=2078"},"modified":"2024-11-12T16:32:49","modified_gmt":"2024-11-12T15:32:49","slug":"blanqueamiento-dentatech-copia","status":"publish","type":"product","link":"https:\/\/www.dentaflux.com\/en\/product\/blanqueamiento-dentatech-copia\/","title":{"rendered":"Whitening 6 syringes 16% carbamide peroxide"},"content":{"rendered":"<p>Tooth whitening for domestic use<\/p>\n<div id=\"ja-wrapper\">\n<div id=\"ja-container\" class=\"wrap ja-mf\">\n<div class=\"main clearfix\">\n<div id=\"ja-mainbody\">\n<div id=\"ja-main\">\n<div class=\"inner clearfix\">\n<div id=\"ja-contentwrap\" class=\"clearfix ja-li\">\n<div id=\"ja-content\" class=\"column\">\n<div id=\"ja-current-content\" class=\"column\">\n<div id=\"ja-content-main\" class=\"ja-content-main clearfix\">\n<div id=\"vmMainPage\">\n<div id=\"principal\">\n<div id=\"main\">\n<div id=\"text\">\n<p>Carbamide peroxide bleaches by releasing oxygen in a gentle and sustained way. This means that it has no irritating effect. In this it differs from systems based on hydrogen peroxide, which whiten more quickly but are more irritating.<\/p>\n<p>In severe cases such as tetracycline stains or fluorosis, it may not produce the desired effects. In any case, there are published studies in which positive results have been obtained against tetracycline stains after long treatments.<\/p>\n<\/div>\n<\/div>\n<\/div>\n<\/div>\n<\/div>\n<\/div>\n<\/div>\n<\/div>\n<\/div>\n<\/div>\n<\/div>\n<\/div>\n<\/div>\n<\/div>\n<h4>INSTRUCTIONS FOR USE:<\/h4>\n<div id=\"ja-wrapper\">\n<div id=\"ja-container\" class=\"wrap ja-mf\">\n<div class=\"main clearfix\">\n<div id=\"ja-mainbody\">\n<div id=\"ja-main\">\n<div class=\"inner clearfix\">\n<div id=\"ja-contentwrap\" class=\"clearfix ja-li\">\n<div id=\"ja-content\" class=\"column\">\n<div id=\"ja-current-content\" class=\"column\">\n<div id=\"ja-content-main\" class=\"ja-content-main clearfix\">\n<div id=\"vmMainPage\">\n<div id=\"principal\">\n<div id=\"main\">\n<div id=\"text\">\n<p>It is applied by means of plastic adapter plates with thermovacuum units.<br \/>\nProphylaxis must be carried out prior to bleaching.<\/p>\n<p>The bleaching procedure consists of placing a few drops in the gaps of the teeth to be treated, and placing the splint in the mouth. The dislodged material should be spat out, but the splint should not be removed until the prescribed 15 minutes have elapsed. After this time, remove the splint, rinse thoroughly and rinse the splint.<\/p>\n<p>We recommend 3 topications per day, one after each meal.<\/p>\n<p>A single one can also be done in the evening, but it is slower.<\/p>\n<\/div>\n<\/div>\n<\/div>\n<\/div>\n<\/div>\n<\/div>\n<\/div>\n<\/div>\n<\/div>\n<\/div>\n<\/div>\n<\/div>\n<\/div>\n<\/div>\n<h4>CONTENTS:<\/h4>\n<p>6 x 3ml syringes of 16% carbamide peroxide, a travel case, a splint holder and 2 plates for making splints.<\/p>\n<h4>CAUTIONS:<\/h4>\n<div id=\"ja-wrapper\">\n<div id=\"ja-container\" class=\"wrap ja-mf\">\n<div class=\"main clearfix\">\n<div id=\"ja-mainbody\">\n<div id=\"ja-main\">\n<div class=\"inner clearfix\">\n<div id=\"ja-contentwrap\" class=\"clearfix ja-li\">\n<div id=\"ja-content\" class=\"column\">\n<div id=\"ja-current-content\" class=\"column\">\n<div id=\"ja-content-main\" class=\"ja-content-main clearfix\">\n<div id=\"vmMainPage\">\n<div id=\"principal\">\n<div id=\"main\">\n<div id=\"text\">\n<p>It is normal to experience slight discomfort in the first days of use, which usually subsides on its own. If the discomfort is severe or does not subside, treatment should be discontinued.<\/p>\n<p>Do not smoke or drink beverages that stain the teeth immediately after applying the whitener.<\/p>\n<\/div>\n<\/div>\n<\/div>\n<\/div>\n<\/div>\n<\/div>\n<\/div>\n<\/div>\n<\/div>\n<\/div>\n<\/div>\n<\/div>\n<\/div>\n<\/div>\n<h4>CONSERVATION<\/h4>\n<p>Check batch and expiry date.<\/p>","protected":false},"excerpt":{"rendered":"<p>Carbamide peroxide whitening 16%. Contains 6 syringes of 3ml, 2 plates to make the splints, a splint holder and a vanity case.<\/p>\n<p><span style=\"color: #006752;\"><strong>For quantity discount please see the price list.<\/strong><\/span><\/p>\n<p><a href='https:\/\/www.dentaflux.com\/wp-content\/uploads\/2020\/04\/PROSPECTO-DENTATECH.pdf' class='small-button smallgreen' target=\"_blank\">Instructions<\/a> <a href='https:\/\/www.dentaflux.com\/wp-content\/uploads\/2020\/04\/FS-BD-V3.pdf' class='small-button smallblue' target=\"_blank\">Safety data sheet<\/a><\/p>","protected":false},"featured_media":2311,"comment_status":"open","ping_status":"closed","template":"","meta":{"_et_pb_use_builder":"off","_et_pb_old_content":"Blanqueamiento de los dientes de uso dom\u00e9stico.\r\n<div id=\"ja-wrapper\">\r\n<div id=\"ja-container\" class=\"wrap ja-mf\">\r\n<div class=\"main clearfix\">\r\n<div id=\"ja-mainbody\">\r\n<div id=\"ja-main\">\r\n<div class=\"inner clearfix\">\r\n<div id=\"ja-contentwrap\" class=\"clearfix ja-li\">\r\n<div id=\"ja-content\" class=\"column\">\r\n<div id=\"ja-current-content\" class=\"column\">\r\n<div id=\"ja-content-main\" class=\"ja-content-main clearfix\">\r\n<div id=\"vmMainPage\">\r\n<div id=\"principal\">\r\n<div id=\"main\">\r\n<div id=\"text\">\r\n\r\nEl per\u00f3xido de carbamida blanquea mediante la liberaci\u00f3n de ox\u00edgeno de un modo suave y sostenido. Esto supone que no tiene efecto irritante. En esto se diferencia de los sistemas basados en agua oxigenada (per\u00f3xido de hidr\u00f3geno), que blanquean m\u00e1s r\u00e1pidamente pero son m\u00e1s irritantes.\r\n\r\nAnte casos severos como manchas por tetraciclinas o fluorosis puede no producir los efectos deseados. En cualquier caso hay estudios publicados en los que se afirma que se han obtenido resultados positivos frente a manchas por tetraciclinas tras largos tratamientos.\r\n\r\n<\/div>\r\n<\/div>\r\n<\/div>\r\n<\/div>\r\n<\/div>\r\n<\/div>\r\n<\/div>\r\n<\/div>\r\n<\/div>\r\n<\/div>\r\n<\/div>\r\n<\/div>\r\n<\/div>\r\n<\/div>\r\n<h4>MODO DE EMPLEO:<\/h4>\r\n<div id=\"ja-wrapper\">\r\n<div id=\"ja-container\" class=\"wrap ja-mf\">\r\n<div class=\"main clearfix\">\r\n<div id=\"ja-mainbody\">\r\n<div id=\"ja-main\">\r\n<div class=\"inner clearfix\">\r\n<div id=\"ja-contentwrap\" class=\"clearfix ja-li\">\r\n<div id=\"ja-content\" class=\"column\">\r\n<div id=\"ja-current-content\" class=\"column\">\r\n<div id=\"ja-content-main\" class=\"ja-content-main clearfix\">\r\n<div id=\"vmMainPage\">\r\n<div id=\"principal\">\r\n<div id=\"main\">\r\n<div id=\"text\">\r\n\r\nSe aplica mediante placas adaptadas pl\u00e1sticas con unidades de termovac\u00edo.\r\nPrevio al blanqueamiento debe realizarse una profilaxis.\r\n\r\nEl procedimiento de blanqueo consiste en colocar unas gotas en los huecos de los dientes a tratar, y colocar la f\u00e9rula en la boca. El material desalojado debe escupirse pero no hay que quitarse la f\u00e9rula hasta transcurridos los 15 minutos prescritos. Tras este tiempo hay que quitarse la f\u00e9rula, aclarar bien y aclarar la f\u00e9rula.\r\n\r\nSe recomiendan 3 topicaciones al d\u00eda, una tras cada comida.\r\n\r\nTambi\u00e9n puede hacerse una sola por la noche, pero es m\u00e1s lento.\r\n\r\n<\/div>\r\n<\/div>\r\n<\/div>\r\n<\/div>\r\n<\/div>\r\n<\/div>\r\n<\/div>\r\n<\/div>\r\n<\/div>\r\n<\/div>\r\n<\/div>\r\n<\/div>\r\n<\/div>\r\n<\/div>\r\n<h4>CONTENIDO:<\/h4>\r\n6 jeringas de 3ml de per\u00f3xido de carbamida 16%, un neceser de viaje, un porta f\u00e9rulas y 2 placas para confeccionar las f\u00e9rulas.\r\n<h4>PRECAUCIONES:<\/h4>\r\n<div id=\"ja-wrapper\">\r\n<div id=\"ja-container\" class=\"wrap ja-mf\">\r\n<div class=\"main clearfix\">\r\n<div id=\"ja-mainbody\">\r\n<div id=\"ja-main\">\r\n<div class=\"inner clearfix\">\r\n<div id=\"ja-contentwrap\" class=\"clearfix ja-li\">\r\n<div id=\"ja-content\" class=\"column\">\r\n<div id=\"ja-current-content\" class=\"column\">\r\n<div id=\"ja-content-main\" class=\"ja-content-main clearfix\">\r\n<div id=\"vmMainPage\">\r\n<div id=\"principal\">\r\n<div id=\"main\">\r\n<div id=\"text\">\r\n\r\nEs normal que se presenten ligeras molestias en los primeros d\u00edas de uso, que suelen remitir solas. Si fuesen intensas o no remitieran , hay que suspender en tratamiento.\r\n\r\nNo se debe fumar ni tomar bebidas que manchen los dientes inmediatamente despu\u00e9s de aplicarse el blanqueador.\r\n\r\n<\/div>\r\n<\/div>\r\n<\/div>\r\n<\/div>\r\n<\/div>\r\n<\/div>\r\n<\/div>\r\n<\/div>\r\n<\/div>\r\n<\/div>\r\n<\/div>\r\n<\/div>\r\n<\/div>\r\n<\/div>\r\n<h4>CONSERVACI\u00d3N:<\/h4>\r\nMirar lote y fecha de caducidad.","_et_gb_content_width":""},"product_brand":[],"product_cat":[68,23],"product_tag":[],"class_list":{"0":"post-2078","1":"product","2":"type-product","3":"status-publish","4":"has-post-thumbnail","6":"product_cat-peroxido-de-carbamida","7":"product_cat-blanqueamiento","9":"first","10":"instock","11":"taxable","12":"shipping-taxable","13":"purchasable","14":"product-type-simple"},"yoast_head":"<!-- This site is optimized with the Yoast SEO plugin v26.6 - https:\/\/yoast.com\/wordpress\/plugins\/seo\/ -->\n<title>Blanqueamiento 6 jeringas 16% per\u00f3xido de carbamida - Dentaflux<\/title>\n<meta name=\"robots\" content=\"index, follow, max-snippet:-1, max-image-preview:large, max-video-preview:-1\" \/>\n<link rel=\"canonical\" href=\"https:\/\/www.dentaflux.com\/en\/product\/blanqueamiento-dentatech-copia\/\" \/>\n<meta property=\"og:locale\" content=\"en_GB\" \/>\n<meta property=\"og:type\" content=\"article\" \/>\n<meta property=\"og:title\" content=\"Blanqueamiento 6 jeringas 16% per\u00f3xido de carbamida - Dentaflux\" \/>\n<meta property=\"og:description\" content=\"Blanqueamiento de per\u00f3xido de carbamida 16%. Contiene 6 jeringas de 3ml, 2 planchas para confeccionar las f\u00e9rulas, un porta f\u00e9rulas y un neceser.  Para ver el descuento por cantidad, consulte el listado de precios.\" \/>\n<meta property=\"og:url\" content=\"https:\/\/www.dentaflux.com\/en\/product\/blanqueamiento-dentatech-copia\/\" \/>\n<meta property=\"og:site_name\" content=\"Dentaflux\" \/>\n<meta property=\"article:publisher\" content=\"https:\/\/www.facebook.com\/profile.php?id=100086302642107\" \/>\n<meta property=\"article:modified_time\" content=\"2024-11-12T15:32:49+00:00\" \/>\n<meta property=\"og:image\" content=\"https:\/\/www.dentaflux.com\/wp-content\/uploads\/2023\/02\/BD-3.png\" \/>\n\t<meta property=\"og:image:width\" content=\"600\" \/>\n\t<meta property=\"og:image:height\" content=\"600\" \/>\n\t<meta property=\"og:image:type\" content=\"image\/png\" \/>\n<meta name=\"twitter:card\" content=\"summary_large_image\" \/>\n<meta name=\"twitter:label1\" content=\"Estimated reading time\" \/>\n\t<meta name=\"twitter:data1\" content=\"2 minutes\" \/>\n<script type=\"application\/ld+json\" class=\"yoast-schema-graph\">{\"@context\":\"https:\/\/schema.org\",\"@graph\":[{\"@type\":\"WebPage\",\"@id\":\"https:\/\/www.dentaflux.com\/producto\/blanqueamiento-dentatech-copia\/\",\"url\":\"https:\/\/www.dentaflux.com\/producto\/blanqueamiento-dentatech-copia\/\",\"name\":\"Blanqueamiento 6 jeringas 16% per\u00f3xido de carbamida - Dentaflux\",\"isPartOf\":{\"@id\":\"https:\/\/www.dentaflux.com\/#website\"},\"primaryImageOfPage\":{\"@id\":\"https:\/\/www.dentaflux.com\/producto\/blanqueamiento-dentatech-copia\/#primaryimage\"},\"image\":{\"@id\":\"https:\/\/www.dentaflux.com\/producto\/blanqueamiento-dentatech-copia\/#primaryimage\"},\"thumbnailUrl\":\"https:\/\/www.dentaflux.com\/wp-content\/uploads\/2023\/02\/BD-3.png\",\"datePublished\":\"2023-02-28T12:29:53+00:00\",\"dateModified\":\"2024-11-12T15:32:49+00:00\",\"breadcrumb\":{\"@id\":\"https:\/\/www.dentaflux.com\/producto\/blanqueamiento-dentatech-copia\/#breadcrumb\"},\"inLanguage\":\"en-GB\",\"potentialAction\":[{\"@type\":\"ReadAction\",\"target\":[\"https:\/\/www.dentaflux.com\/producto\/blanqueamiento-dentatech-copia\/\"]}]},{\"@type\":\"ImageObject\",\"inLanguage\":\"en-GB\",\"@id\":\"https:\/\/www.dentaflux.com\/producto\/blanqueamiento-dentatech-copia\/#primaryimage\",\"url\":\"https:\/\/www.dentaflux.com\/wp-content\/uploads\/2023\/02\/BD-3.png\",\"contentUrl\":\"https:\/\/www.dentaflux.com\/wp-content\/uploads\/2023\/02\/BD-3.png\",\"width\":600,\"height\":600},{\"@type\":\"BreadcrumbList\",\"@id\":\"https:\/\/www.dentaflux.com\/producto\/blanqueamiento-dentatech-copia\/#breadcrumb\",\"itemListElement\":[{\"@type\":\"ListItem\",\"position\":1,\"name\":\"Portada\",\"item\":\"https:\/\/www.dentaflux.com\/\"},{\"@type\":\"ListItem\",\"position\":2,\"name\":\"Tienda\",\"item\":\"https:\/\/www.dentaflux.com\/tienda\/\"},{\"@type\":\"ListItem\",\"position\":3,\"name\":\"Blanqueamiento 6 jeringas 16% per\u00f3xido de carbamida\"}]},{\"@type\":\"WebSite\",\"@id\":\"https:\/\/www.dentaflux.com\/#website\",\"url\":\"https:\/\/www.dentaflux.com\/\",\"name\":\"Dentaflux\",\"description\":\"Distribuidor de productos dentales\",\"publisher\":{\"@id\":\"https:\/\/www.dentaflux.com\/#organization\"},\"potentialAction\":[{\"@type\":\"SearchAction\",\"target\":{\"@type\":\"EntryPoint\",\"urlTemplate\":\"https:\/\/www.dentaflux.com\/?s={search_term_string}\"},\"query-input\":{\"@type\":\"PropertyValueSpecification\",\"valueRequired\":true,\"valueName\":\"search_term_string\"}}],\"inLanguage\":\"en-GB\"},{\"@type\":\"Organization\",\"@id\":\"https:\/\/www.dentaflux.com\/#organization\",\"name\":\"Dentaflux\",\"url\":\"https:\/\/www.dentaflux.com\/\",\"logo\":{\"@type\":\"ImageObject\",\"inLanguage\":\"en-GB\",\"@id\":\"https:\/\/www.dentaflux.com\/#\/schema\/logo\/image\/\",\"url\":\"https:\/\/www.dentaflux.com\/wp-content\/uploads\/2017\/08\/Logo-DENTAFLUX-1000px-20170725.png\",\"contentUrl\":\"https:\/\/www.dentaflux.com\/wp-content\/uploads\/2017\/08\/Logo-DENTAFLUX-1000px-20170725.png\",\"width\":1000,\"height\":271,\"caption\":\"Dentaflux\"},\"image\":{\"@id\":\"https:\/\/www.dentaflux.com\/#\/schema\/logo\/image\/\"},\"sameAs\":[\"https:\/\/www.facebook.com\/profile.php?id=100086302642107\",\"https:\/\/www.instagram.com\/dentaflux_\/\",\"https:\/\/www.linkedin.com\/company\/3318019\/admin\/feed\/posts\"]}]}<\/script>\n<!-- \/ Yoast SEO plugin. -->","yoast_head_json":{"title":"Blanqueamiento 6 jeringas 16% per\u00f3xido de carbamida - Dentaflux","robots":{"index":"index","follow":"follow","max-snippet":"max-snippet:-1","max-image-preview":"max-image-preview:large","max-video-preview":"max-video-preview:-1"},"canonical":"https:\/\/www.dentaflux.com\/en\/product\/blanqueamiento-dentatech-copia\/","og_locale":"en_GB","og_type":"article","og_title":"Blanqueamiento 6 jeringas 16% per\u00f3xido de carbamida - Dentaflux","og_description":"Blanqueamiento de per\u00f3xido de carbamida 16%. Contiene 6 jeringas de 3ml, 2 planchas para confeccionar las f\u00e9rulas, un porta f\u00e9rulas y un neceser.  Para ver el descuento por cantidad, consulte el listado de precios.","og_url":"https:\/\/www.dentaflux.com\/en\/product\/blanqueamiento-dentatech-copia\/","og_site_name":"Dentaflux","article_publisher":"https:\/\/www.facebook.com\/profile.php?id=100086302642107","article_modified_time":"2024-11-12T15:32:49+00:00","og_image":[{"width":600,"height":600,"url":"https:\/\/www.dentaflux.com\/wp-content\/uploads\/2023\/02\/BD-3.png","type":"image\/png"}],"twitter_card":"summary_large_image","twitter_misc":{"Estimated reading time":"2 minutes"},"schema":{"@context":"https:\/\/schema.org","@graph":[{"@type":"WebPage","@id":"https:\/\/www.dentaflux.com\/producto\/blanqueamiento-dentatech-copia\/","url":"https:\/\/www.dentaflux.com\/producto\/blanqueamiento-dentatech-copia\/","name":"Blanqueamiento 6 jeringas 16% per\u00f3xido de carbamida - Dentaflux","isPartOf":{"@id":"https:\/\/www.dentaflux.com\/#website"},"primaryImageOfPage":{"@id":"https:\/\/www.dentaflux.com\/producto\/blanqueamiento-dentatech-copia\/#primaryimage"},"image":{"@id":"https:\/\/www.dentaflux.com\/producto\/blanqueamiento-dentatech-copia\/#primaryimage"},"thumbnailUrl":"https:\/\/www.dentaflux.com\/wp-content\/uploads\/2023\/02\/BD-3.png","datePublished":"2023-02-28T12:29:53+00:00","dateModified":"2024-11-12T15:32:49+00:00","breadcrumb":{"@id":"https:\/\/www.dentaflux.com\/producto\/blanqueamiento-dentatech-copia\/#breadcrumb"},"inLanguage":"en-GB","potentialAction":[{"@type":"ReadAction","target":["https:\/\/www.dentaflux.com\/producto\/blanqueamiento-dentatech-copia\/"]}]},{"@type":"ImageObject","inLanguage":"en-GB","@id":"https:\/\/www.dentaflux.com\/producto\/blanqueamiento-dentatech-copia\/#primaryimage","url":"https:\/\/www.dentaflux.com\/wp-content\/uploads\/2023\/02\/BD-3.png","contentUrl":"https:\/\/www.dentaflux.com\/wp-content\/uploads\/2023\/02\/BD-3.png","width":600,"height":600},{"@type":"BreadcrumbList","@id":"https:\/\/www.dentaflux.com\/producto\/blanqueamiento-dentatech-copia\/#breadcrumb","itemListElement":[{"@type":"ListItem","position":1,"name":"Portada","item":"https:\/\/www.dentaflux.com\/"},{"@type":"ListItem","position":2,"name":"Tienda","item":"https:\/\/www.dentaflux.com\/tienda\/"},{"@type":"ListItem","position":3,"name":"Blanqueamiento 6 jeringas 16% per\u00f3xido de carbamida"}]},{"@type":"WebSite","@id":"https:\/\/www.dentaflux.com\/#website","url":"https:\/\/www.dentaflux.com\/","name":"Dentaflux","description":"Distribuidor de productos dentales","publisher":{"@id":"https:\/\/www.dentaflux.com\/#organization"},"potentialAction":[{"@type":"SearchAction","target":{"@type":"EntryPoint","urlTemplate":"https:\/\/www.dentaflux.com\/?s={search_term_string}"},"query-input":{"@type":"PropertyValueSpecification","valueRequired":true,"valueName":"search_term_string"}}],"inLanguage":"en-GB"},{"@type":"Organization","@id":"https:\/\/www.dentaflux.com\/#organization","name":"Dentaflux","url":"https:\/\/www.dentaflux.com\/","logo":{"@type":"ImageObject","inLanguage":"en-GB","@id":"https:\/\/www.dentaflux.com\/#\/schema\/logo\/image\/","url":"https:\/\/www.dentaflux.com\/wp-content\/uploads\/2017\/08\/Logo-DENTAFLUX-1000px-20170725.png","contentUrl":"https:\/\/www.dentaflux.com\/wp-content\/uploads\/2017\/08\/Logo-DENTAFLUX-1000px-20170725.png","width":1000,"height":271,"caption":"Dentaflux"},"image":{"@id":"https:\/\/www.dentaflux.com\/#\/schema\/logo\/image\/"},"sameAs":["https:\/\/www.facebook.com\/profile.php?id=100086302642107","https:\/\/www.instagram.com\/dentaflux_\/","https:\/\/www.linkedin.com\/company\/3318019\/admin\/feed\/posts"]}]}},"_links":{"self":[{"href":"https:\/\/www.dentaflux.com\/en\/wp-json\/wp\/v2\/product\/2078","targetHints":{"allow":["GET"]}}],"collection":[{"href":"https:\/\/www.dentaflux.com\/en\/wp-json\/wp\/v2\/product"}],"about":[{"href":"https:\/\/www.dentaflux.com\/en\/wp-json\/wp\/v2\/types\/product"}],"replies":[{"embeddable":true,"href":"https:\/\/www.dentaflux.com\/en\/wp-json\/wp\/v2\/comments?post=2078"}],"wp:featuredmedia":[{"embeddable":true,"href":"https:\/\/www.dentaflux.com\/en\/wp-json\/wp\/v2\/media\/2311"}],"wp:attachment":[{"href":"https:\/\/www.dentaflux.com\/en\/wp-json\/wp\/v2\/media?parent=2078"}],"wp:term":[{"taxonomy":"product_brand","embeddable":true,"href":"https:\/\/www.dentaflux.com\/en\/wp-json\/wp\/v2\/product_brand?post=2078"},{"taxonomy":"product_cat","embeddable":true,"href":"https:\/\/www.dentaflux.com\/en\/wp-json\/wp\/v2\/product_cat?post=2078"},{"taxonomy":"product_tag","embeddable":true,"href":"https:\/\/www.dentaflux.com\/en\/wp-json\/wp\/v2\/product_tag?post=2078"}],"curies":[{"name":"wp","href":"https:\/\/api.w.org\/{rel}","templated":true}]}}