{"id":196,"date":"2017-10-18T10:13:17","date_gmt":"2017-10-18T08:13:17","guid":{"rendered":"https:\/\/www.dentaflux.com\/?post_type=product&#038;p=196"},"modified":"2025-07-24T16:05:06","modified_gmt":"2025-07-24T14:05:06","slug":"acido-fluorhidrico-20-2x-35gr","status":"publish","type":"product","link":"https:\/\/www.dentaflux.com\/en\/product\/acido-fluorhidrico-20-2x-35gr\/","title":{"rendered":"37% Hydrofluoricacid 20%"},"content":{"rendered":"<p>It is used for the preparation of ceramic surfaces for adhesives.<\/p>\n<p>Hydrofluoric acid produces a roughness that greatly improves the bond between the adhesive or cement and the ceramic surface. It is especially useful for all-ceramic crowns, porcelain veneers, inlays, onlays and brackets. It works for all types of ceramics except alumina ceramics.<\/p>\n<p><strong>COMPOSITION:<\/strong><\/p>\n<ul>\n<li>\u00c1CIDO FLUORH\u00cdDRICO 10%<\/li>\n<li>EXC.:\u00a0 C.S.P.<\/li>\n<\/ul>\n<p><strong>INSTRUCTIONS FOR USE:<\/strong><\/p>\n<p>Apply to the ceramic surface to be engraved. Leave to act for 2 minutes. Remove acid residues with plenty of water and neutralisers such as bicarbonate.<\/p>\n<p>Secar.<\/p>\n<p><strong>CAUTIONS:<\/strong><\/p>\n<ul>\n<li>Do not use inside the mouth.<\/li>\n<li>Always wear suitable protective gloves.<\/li>\n<li>Close the bottle after use.<\/li>\n<li>Avoid contact with skin, mucous membranes, or clothing. Extremely corrosive.<\/li>\n<\/ul>\n<p><strong>CONTENTS:<\/strong><\/p>\n<p>2 jeringas de 3 ml.<\/p>\n<p><strong>CONSERVATION<\/strong><\/p>\n<p>Cool and dry place.<\/p>","protected":false},"excerpt":{"rendered":"<p>\u00c1cido fluorh\u00eddrico 10% para grabdo de porcelana.<\/p>\n<p><span style=\"color: #006752;\"><strong>Please check the price list to see if there is a quantity discount.<\/strong><\/span><\/p>\n<p><a href='https:\/\/www.dentaflux.com\/wp-content\/uploads\/2020\/04\/ENVASE_ACIDO_FLUORHIDRICO.pdf' class='small-button smallgreen' target=\"_blank\">Instructions<\/a> <a href='https:\/\/www.dentaflux.com\/wp-content\/uploads\/2025\/07\/FS-AF-V5.pdf' class='small-button smallblue' target=\"_blank\">Safety data sheet<\/a><\/p>","protected":false},"featured_media":1515,"comment_status":"open","ping_status":"closed","template":"","meta":{"_et_pb_use_builder":"","_et_pb_old_content":"","_et_gb_content_width":""},"product_brand":[],"product_cat":[18],"product_tag":[],"class_list":{"0":"post-196","1":"product","2":"type-product","3":"status-publish","4":"has-post-thumbnail","6":"product_cat-acidos-grabadores","8":"first","9":"instock","10":"taxable","11":"shipping-taxable","12":"purchasable","13":"product-type-simple"},"yoast_head":"<!-- This site is optimized with the Yoast SEO plugin v26.6 - https:\/\/yoast.com\/wordpress\/plugins\/seo\/ -->\n<title>\u00c1cido fluorh\u00eddrico 10% Grabado de porcelana - Dentaflux<\/title>\n<meta name=\"robots\" content=\"index, follow, max-snippet:-1, max-image-preview:large, max-video-preview:-1\" \/>\n<link rel=\"canonical\" href=\"https:\/\/www.dentaflux.com\/en\/product\/acido-fluorhidrico-20-2x-35gr\/\" \/>\n<meta property=\"og:locale\" content=\"en_GB\" \/>\n<meta property=\"og:type\" content=\"article\" \/>\n<meta property=\"og:title\" content=\"\u00c1cido fluorh\u00eddrico 10% Grabado de porcelana - Dentaflux\" \/>\n<meta property=\"og:description\" content=\"\u00c1cido fluorh\u00eddrico 10% para grabdo de porcelana.  Consulte el listado de precios, para comprobar si existe descuento por cantidad.\" \/>\n<meta property=\"og:url\" content=\"https:\/\/www.dentaflux.com\/en\/product\/acido-fluorhidrico-20-2x-35gr\/\" \/>\n<meta property=\"og:site_name\" content=\"Dentaflux\" \/>\n<meta property=\"article:publisher\" content=\"https:\/\/www.facebook.com\/profile.php?id=100086302642107\" \/>\n<meta property=\"article:modified_time\" content=\"2025-07-24T14:05:06+00:00\" \/>\n<meta property=\"og:image\" content=\"https:\/\/www.dentaflux.com\/wp-content\/uploads\/2020\/04\/AF.png\" \/>\n\t<meta property=\"og:image:width\" content=\"1000\" \/>\n\t<meta property=\"og:image:height\" content=\"1000\" \/>\n\t<meta property=\"og:image:type\" content=\"image\/png\" \/>\n<meta name=\"twitter:card\" content=\"summary_large_image\" \/>\n<meta name=\"twitter:label1\" content=\"Estimated reading time\" \/>\n\t<meta name=\"twitter:data1\" content=\"1 minute\" \/>\n<script type=\"application\/ld+json\" class=\"yoast-schema-graph\">{\"@context\":\"https:\/\/schema.org\",\"@graph\":[{\"@type\":\"WebPage\",\"@id\":\"https:\/\/www.dentaflux.com\/producto\/acido-fluorhidrico-20-2x-35gr\/\",\"url\":\"https:\/\/www.dentaflux.com\/producto\/acido-fluorhidrico-20-2x-35gr\/\",\"name\":\"\u00c1cido fluorh\u00eddrico 10% Grabado de porcelana - Dentaflux\",\"isPartOf\":{\"@id\":\"https:\/\/www.dentaflux.com\/#website\"},\"primaryImageOfPage\":{\"@id\":\"https:\/\/www.dentaflux.com\/producto\/acido-fluorhidrico-20-2x-35gr\/#primaryimage\"},\"image\":{\"@id\":\"https:\/\/www.dentaflux.com\/producto\/acido-fluorhidrico-20-2x-35gr\/#primaryimage\"},\"thumbnailUrl\":\"https:\/\/www.dentaflux.com\/wp-content\/uploads\/2020\/04\/AF.png\",\"datePublished\":\"2017-10-18T08:13:17+00:00\",\"dateModified\":\"2025-07-24T14:05:06+00:00\",\"breadcrumb\":{\"@id\":\"https:\/\/www.dentaflux.com\/producto\/acido-fluorhidrico-20-2x-35gr\/#breadcrumb\"},\"inLanguage\":\"en-GB\",\"potentialAction\":[{\"@type\":\"ReadAction\",\"target\":[\"https:\/\/www.dentaflux.com\/producto\/acido-fluorhidrico-20-2x-35gr\/\"]}]},{\"@type\":\"ImageObject\",\"inLanguage\":\"en-GB\",\"@id\":\"https:\/\/www.dentaflux.com\/producto\/acido-fluorhidrico-20-2x-35gr\/#primaryimage\",\"url\":\"https:\/\/www.dentaflux.com\/wp-content\/uploads\/2020\/04\/AF.png\",\"contentUrl\":\"https:\/\/www.dentaflux.com\/wp-content\/uploads\/2020\/04\/AF.png\",\"width\":1000,\"height\":1000},{\"@type\":\"BreadcrumbList\",\"@id\":\"https:\/\/www.dentaflux.com\/producto\/acido-fluorhidrico-20-2x-35gr\/#breadcrumb\",\"itemListElement\":[{\"@type\":\"ListItem\",\"position\":1,\"name\":\"Portada\",\"item\":\"https:\/\/www.dentaflux.com\/\"},{\"@type\":\"ListItem\",\"position\":2,\"name\":\"Tienda\",\"item\":\"https:\/\/www.dentaflux.com\/tienda\/\"},{\"@type\":\"ListItem\",\"position\":3,\"name\":\"\u00c1cido fluorh\u00eddrico 10% Grabado de porcelana\"}]},{\"@type\":\"WebSite\",\"@id\":\"https:\/\/www.dentaflux.com\/#website\",\"url\":\"https:\/\/www.dentaflux.com\/\",\"name\":\"Dentaflux\",\"description\":\"Distribuidor de productos dentales\",\"publisher\":{\"@id\":\"https:\/\/www.dentaflux.com\/#organization\"},\"potentialAction\":[{\"@type\":\"SearchAction\",\"target\":{\"@type\":\"EntryPoint\",\"urlTemplate\":\"https:\/\/www.dentaflux.com\/?s={search_term_string}\"},\"query-input\":{\"@type\":\"PropertyValueSpecification\",\"valueRequired\":true,\"valueName\":\"search_term_string\"}}],\"inLanguage\":\"en-GB\"},{\"@type\":\"Organization\",\"@id\":\"https:\/\/www.dentaflux.com\/#organization\",\"name\":\"Dentaflux\",\"url\":\"https:\/\/www.dentaflux.com\/\",\"logo\":{\"@type\":\"ImageObject\",\"inLanguage\":\"en-GB\",\"@id\":\"https:\/\/www.dentaflux.com\/#\/schema\/logo\/image\/\",\"url\":\"https:\/\/www.dentaflux.com\/wp-content\/uploads\/2017\/08\/Logo-DENTAFLUX-1000px-20170725.png\",\"contentUrl\":\"https:\/\/www.dentaflux.com\/wp-content\/uploads\/2017\/08\/Logo-DENTAFLUX-1000px-20170725.png\",\"width\":1000,\"height\":271,\"caption\":\"Dentaflux\"},\"image\":{\"@id\":\"https:\/\/www.dentaflux.com\/#\/schema\/logo\/image\/\"},\"sameAs\":[\"https:\/\/www.facebook.com\/profile.php?id=100086302642107\",\"https:\/\/www.instagram.com\/dentaflux_\/\",\"https:\/\/www.linkedin.com\/company\/3318019\/admin\/feed\/posts\"]}]}<\/script>\n<!-- \/ Yoast SEO plugin. -->","yoast_head_json":{"title":"\u00c1cido fluorh\u00eddrico 10% Grabado de porcelana - Dentaflux","robots":{"index":"index","follow":"follow","max-snippet":"max-snippet:-1","max-image-preview":"max-image-preview:large","max-video-preview":"max-video-preview:-1"},"canonical":"https:\/\/www.dentaflux.com\/en\/product\/acido-fluorhidrico-20-2x-35gr\/","og_locale":"en_GB","og_type":"article","og_title":"\u00c1cido fluorh\u00eddrico 10% Grabado de porcelana - Dentaflux","og_description":"\u00c1cido fluorh\u00eddrico 10% para grabdo de porcelana.  Consulte el listado de precios, para comprobar si existe descuento por cantidad.","og_url":"https:\/\/www.dentaflux.com\/en\/product\/acido-fluorhidrico-20-2x-35gr\/","og_site_name":"Dentaflux","article_publisher":"https:\/\/www.facebook.com\/profile.php?id=100086302642107","article_modified_time":"2025-07-24T14:05:06+00:00","og_image":[{"width":1000,"height":1000,"url":"https:\/\/www.dentaflux.com\/wp-content\/uploads\/2020\/04\/AF.png","type":"image\/png"}],"twitter_card":"summary_large_image","twitter_misc":{"Estimated reading time":"1 minute"},"schema":{"@context":"https:\/\/schema.org","@graph":[{"@type":"WebPage","@id":"https:\/\/www.dentaflux.com\/producto\/acido-fluorhidrico-20-2x-35gr\/","url":"https:\/\/www.dentaflux.com\/producto\/acido-fluorhidrico-20-2x-35gr\/","name":"\u00c1cido fluorh\u00eddrico 10% Grabado de porcelana - Dentaflux","isPartOf":{"@id":"https:\/\/www.dentaflux.com\/#website"},"primaryImageOfPage":{"@id":"https:\/\/www.dentaflux.com\/producto\/acido-fluorhidrico-20-2x-35gr\/#primaryimage"},"image":{"@id":"https:\/\/www.dentaflux.com\/producto\/acido-fluorhidrico-20-2x-35gr\/#primaryimage"},"thumbnailUrl":"https:\/\/www.dentaflux.com\/wp-content\/uploads\/2020\/04\/AF.png","datePublished":"2017-10-18T08:13:17+00:00","dateModified":"2025-07-24T14:05:06+00:00","breadcrumb":{"@id":"https:\/\/www.dentaflux.com\/producto\/acido-fluorhidrico-20-2x-35gr\/#breadcrumb"},"inLanguage":"en-GB","potentialAction":[{"@type":"ReadAction","target":["https:\/\/www.dentaflux.com\/producto\/acido-fluorhidrico-20-2x-35gr\/"]}]},{"@type":"ImageObject","inLanguage":"en-GB","@id":"https:\/\/www.dentaflux.com\/producto\/acido-fluorhidrico-20-2x-35gr\/#primaryimage","url":"https:\/\/www.dentaflux.com\/wp-content\/uploads\/2020\/04\/AF.png","contentUrl":"https:\/\/www.dentaflux.com\/wp-content\/uploads\/2020\/04\/AF.png","width":1000,"height":1000},{"@type":"BreadcrumbList","@id":"https:\/\/www.dentaflux.com\/producto\/acido-fluorhidrico-20-2x-35gr\/#breadcrumb","itemListElement":[{"@type":"ListItem","position":1,"name":"Portada","item":"https:\/\/www.dentaflux.com\/"},{"@type":"ListItem","position":2,"name":"Tienda","item":"https:\/\/www.dentaflux.com\/tienda\/"},{"@type":"ListItem","position":3,"name":"\u00c1cido fluorh\u00eddrico 10% Grabado de porcelana"}]},{"@type":"WebSite","@id":"https:\/\/www.dentaflux.com\/#website","url":"https:\/\/www.dentaflux.com\/","name":"Dentaflux","description":"Distribuidor de productos dentales","publisher":{"@id":"https:\/\/www.dentaflux.com\/#organization"},"potentialAction":[{"@type":"SearchAction","target":{"@type":"EntryPoint","urlTemplate":"https:\/\/www.dentaflux.com\/?s={search_term_string}"},"query-input":{"@type":"PropertyValueSpecification","valueRequired":true,"valueName":"search_term_string"}}],"inLanguage":"en-GB"},{"@type":"Organization","@id":"https:\/\/www.dentaflux.com\/#organization","name":"Dentaflux","url":"https:\/\/www.dentaflux.com\/","logo":{"@type":"ImageObject","inLanguage":"en-GB","@id":"https:\/\/www.dentaflux.com\/#\/schema\/logo\/image\/","url":"https:\/\/www.dentaflux.com\/wp-content\/uploads\/2017\/08\/Logo-DENTAFLUX-1000px-20170725.png","contentUrl":"https:\/\/www.dentaflux.com\/wp-content\/uploads\/2017\/08\/Logo-DENTAFLUX-1000px-20170725.png","width":1000,"height":271,"caption":"Dentaflux"},"image":{"@id":"https:\/\/www.dentaflux.com\/#\/schema\/logo\/image\/"},"sameAs":["https:\/\/www.facebook.com\/profile.php?id=100086302642107","https:\/\/www.instagram.com\/dentaflux_\/","https:\/\/www.linkedin.com\/company\/3318019\/admin\/feed\/posts"]}]}},"_links":{"self":[{"href":"https:\/\/www.dentaflux.com\/en\/wp-json\/wp\/v2\/product\/196","targetHints":{"allow":["GET"]}}],"collection":[{"href":"https:\/\/www.dentaflux.com\/en\/wp-json\/wp\/v2\/product"}],"about":[{"href":"https:\/\/www.dentaflux.com\/en\/wp-json\/wp\/v2\/types\/product"}],"replies":[{"embeddable":true,"href":"https:\/\/www.dentaflux.com\/en\/wp-json\/wp\/v2\/comments?post=196"}],"wp:featuredmedia":[{"embeddable":true,"href":"https:\/\/www.dentaflux.com\/en\/wp-json\/wp\/v2\/media\/1515"}],"wp:attachment":[{"href":"https:\/\/www.dentaflux.com\/en\/wp-json\/wp\/v2\/media?parent=196"}],"wp:term":[{"taxonomy":"product_brand","embeddable":true,"href":"https:\/\/www.dentaflux.com\/en\/wp-json\/wp\/v2\/product_brand?post=196"},{"taxonomy":"product_cat","embeddable":true,"href":"https:\/\/www.dentaflux.com\/en\/wp-json\/wp\/v2\/product_cat?post=196"},{"taxonomy":"product_tag","embeddable":true,"href":"https:\/\/www.dentaflux.com\/en\/wp-json\/wp\/v2\/product_tag?post=196"}],"curies":[{"name":"wp","href":"https:\/\/api.w.org\/{rel}","templated":true}]}}