{"id":156,"date":"2017-09-28T12:10:23","date_gmt":"2017-09-28T10:10:23","guid":{"rendered":"https:\/\/www.dentaflux.com\/?page_id=156"},"modified":"2017-09-28T12:10:23","modified_gmt":"2017-09-28T10:10:23","slug":"aviso-legal","status":"publish","type":"page","link":"https:\/\/www.dentaflux.com\/en\/aviso-legal\/","title":{"rendered":"Aviso Legal"},"content":{"rendered":"<p>Esta p\u00e1gina web es titularidad de JRipoll S.L (en adelante Dentaflux) con CIF n\u00ba B79448791. La utilizaci\u00f3n de esta p\u00e1gina Web atribuye la condici\u00f3n de Usuario a quien lo haga e implica la aceptaci\u00f3n de todas las condiciones incluidas en este Aviso Legal. El Usuario deber\u00e1 leer estas condiciones cada vez que acceda a esta Web, ya que pueden ser modificadas en lo sucesivo. Algunos aspectos de esta p\u00e1gina Web, por su especialidad, pueden estar sujetos a condiciones o reglas particulares que pueden sustituir, completar o modificar este Aviso Legal, por lo que tambi\u00e9n deben ser aceptadas por el Usuario que los utilice o acceda a ellos.<\/p>\n<p>Todos los mensajes enviados a esta Web (tanto a trav\u00e9s del correo electr\u00f3nico como a trav\u00e9s de los formularios) han de estar identificados con su nombre y su e-mail. Las comunicaciones an\u00f3nimas no ser\u00e1n aceptadas.<\/p>\n<p>Todos los contenidos de esta Web (textos, fotograf\u00edas, gr\u00e1ficos, im\u00e1genes, tecnolog\u00eda, software, links, contenidos audiovisuales o sonoros, dise\u00f1o gr\u00e1fico, c\u00f3digo fuente, etc.), as\u00ed como las marcas y dem\u00e1s signos distintivos son propiedad de\u00a0Dentaflux o de terceros, no adquiriendo el Usuario ning\u00fan derecho sobre ellos por el mero uso de esta Web.<\/p>\n<p>Esta Web genera y almacena cookies durante la navegaci\u00f3n. El usuario puede configurar su navegador para que dichas cookies no sean registradas, si bien ello puede afectar a la funcionalidad de la Web.<\/p>\n<p>Queda prohibido el uso de esta Web con la finalidad de lesionar bienes, derechos o intereses de Dentaflux o de terceros. Queda igualmente prohibido realizar cualquier otro uso de esta Web que altere, da\u00f1e o inutilice las redes, servidores, equipos, productos y programas inform\u00e1ticos de Dentaflux o de terceros.<\/p>\n<p>El Usuario, deber\u00e1 abstenerse de: a) reproducir, copiar, distribuir, poner a disposici\u00f3n de terceros, comunicar p\u00fablicamente, transformar o modificar los contenidos de esta Web, salvo en los casos contemplados en la ley o expresamente autorizados por Dentaflux o por el titular de dichos derechos; b) reproducir o copiar para uso privado el software o las bases de datos existentes en esta Web, as\u00ed como comunicarlos p\u00fablicamente o ponerlos a disposici\u00f3n de terceros cuando ello conlleve su reproducci\u00f3n; c) extraer o reutilizar todo o parte sustancial de los contenidos integrantes de esta Web, a excepci\u00f3n de aquellos contenidos cuyo uso pueda ser p\u00fablico. Se except\u00faan de estas limitaciones aquellos contenidos de la Web que sean p\u00fablicos o est\u00e9n destinados a su conocimiento p\u00fablico.<\/p>\n<p>El Usuario es responsable de que la informaci\u00f3n que proporcione a Dentaflux a trav\u00e9s de esta Web sea cierta. A estos efectos, el Usuario responde de la veracidad de todos los datos que comunique y mantendr\u00e1 convenientemente actualizada la informaci\u00f3n facilitada, de tal forma que responda a su situaci\u00f3n real. El Usuario ser\u00e1 responsable de las informaciones falsas o inexactas que proporcione y de los perjuicios que ello cause a Dentaflux o a terceros.<\/p>\n<p>El Usuario que quiera introducir enlaces a esta Web desde sus propias p\u00e1ginas Web estar\u00e1 obligado a cumplir las condiciones siguientes: a) el enlace \u00fanicamente vincular\u00e1 con la home page, no pudiendo reproducirla de ninguna forma; b) no podr\u00e1n establecerse frames o marcos de cualquier tipo que rodeen la Web o permitan visualizarla a trav\u00e9s de direcciones de Internet distintas o conjuntamente con contenidos ajenos a esta Web, de forma que produzca, o pueda producir, error o confusi\u00f3n en los usuarios sobre la procedencia del servicio o su contenido, implique un acto de comparaci\u00f3n o imitaci\u00f3n desleal, sirva para aprovechar la reputaci\u00f3n, imagen y prestigio de Dentaflux o sus clientes, partners o colaboradores o se haga de cualquier otro modo que est\u00e9 prohibido por la Ley; c) desde la p\u00e1gina que realice el enlace no podr\u00e1 efectuarse ning\u00fan tipo de manifestaci\u00f3n falsa o inexacta sobre Dentaflux, sus clientes, partners o colaboradores; d) El remitente no podr\u00e1 utilizar cualquier signo distintivo de Dentaflux dentro de su p\u00e1gina Web, salvo en los casos autorizados por la ley o permitidos expresamente por Dentaflux; e) la p\u00e1gina que establezca el enlace deber\u00e1 observar la legalidad vigente y no podr\u00e1 disponer de o enlazar con contenidos il\u00edcitos, nocivos, contrarios a la moral y a las buenas costumbres, que produzcan o puedan producir la falsa idea de que Dentaflux respalda o apoya, las ideas, manifestaciones o actuaciones del remitente o que resulten inadecuados en relaci\u00f3n con la actividad desarrollada por Dentaflux, teniendo en cuenta los contenidos y la tem\u00e1tica general de la p\u00e1gina Web donde se establezca el enlace.<\/p>\n<p>Dentaflux\u00a0no es responsable de controlar que en esta Web no existan programas maliciosos o cualquier otro elemento inform\u00e1tico da\u00f1ino. Corresponde al Usuario, en todo caso, disponer de herramientas adecuadas para la detecci\u00f3n y desinfecci\u00f3n de estos elementos. De acuerdo con ello,\u00a0Dentaflux no se responsabiliza de los da\u00f1os producidos a equipos inform\u00e1ticos durante el acceso a la presente Web. Igualmente,\u00a0Dentaflux no ser\u00e1 responsable de los da\u00f1os producidos a los Usuarios cuando dichos da\u00f1os tengan su origen en fallos o desconexiones en las redes de telecomunicaciones que interrumpan el servicio de esta Web.<\/p>\n<p>Esta Web incluye dispositivos t\u00e9cnicos de enlace que permiten al Usuario acceder a otras p\u00e1ginas de Internet (enlaces). En estos casos,\u00a0Dentaflux s\u00f3lo ser\u00e1 responsable de los contenidos y servicios suministrados a trav\u00e9s de los enlaces en cuanto conozca su ilicitud y no los haya desactivado diligentemente. Si un Usuario considerase que existe un enlace con contenidos il\u00edcitos o inadecuados, podr\u00e1 indic\u00e1rselo a Dentaflux, sin que ello suponga que esta quede obligada por ello a retirar el correspondiente enlace.\u00a0Dentaflux no conoce los contenidos y servicios de los enlaces y por tanto no se hace responsable por los da\u00f1os derivados de su falta de calidad, desactualizaci\u00f3n, indisponibilidad, error, inutilidad o ilegalidad y no responde de las manifestaciones realizadas o de los contenidos o servicios proporcionados a trav\u00e9s de ellos. Si cualquier usuario tiene conocimiento de que los enlaces remiten a p\u00e1ginas cuyos contenidos o servicios son il\u00edcitos, nocivos, denigrantes, violentos o inmorales podr\u00e1 ponerse en contacto con\u00a0Dentaflux indic\u00e1ndolo.<\/p>\n<p>El presente Aviso Legal se rige \u00edntegramente por la legislaci\u00f3n espa\u00f1ola.<\/p>\n<p>El Usuario se compromete a hacer un uso correcto de esta Web de conformidad con la Ley, con el presente Aviso Legal, as\u00ed como con las dem\u00e1s condiciones, reglamentos e instrucciones que, en su caso, pudieran ser de aplicaci\u00f3n El Usuario ser\u00e1 responsable de cualesquiera da\u00f1os o perjuicios que pudieran causarse por incumplimiento de estas obligaciones.<\/p>","protected":false},"excerpt":{"rendered":"<p>Esta p\u00e1gina web es titularidad de JRipoll S.L (en adelante Dentaflux) con CIF n\u00ba B79448791. La utilizaci\u00f3n de esta p\u00e1gina Web atribuye la condici\u00f3n de Usuario a quien lo haga e implica la aceptaci\u00f3n de todas las condiciones incluidas en este Aviso Legal. El Usuario deber\u00e1 leer estas condiciones cada vez que acceda a esta [&hellip;]<\/p>","protected":false},"author":1,"featured_media":0,"parent":0,"menu_order":0,"comment_status":"closed","ping_status":"closed","template":"","meta":{"_et_pb_use_builder":"","_et_pb_old_content":"","_et_gb_content_width":"","footnotes":""},"class_list":["post-156","page","type-page","status-publish","hentry"],"yoast_head":"<!-- This site is optimized with the Yoast SEO plugin v26.6 - https:\/\/yoast.com\/wordpress\/plugins\/seo\/ -->\n<title>Aviso Legal - Dentaflux<\/title>\n<meta name=\"robots\" content=\"index, follow, max-snippet:-1, max-image-preview:large, max-video-preview:-1\" \/>\n<link rel=\"canonical\" href=\"https:\/\/www.dentaflux.com\/en\/aviso-legal\/\" \/>\n<meta property=\"og:locale\" content=\"en_GB\" \/>\n<meta property=\"og:type\" content=\"article\" \/>\n<meta property=\"og:title\" content=\"Aviso Legal - Dentaflux\" \/>\n<meta property=\"og:description\" content=\"Esta p\u00e1gina web es titularidad de JRipoll S.L (en adelante Dentaflux) con CIF n\u00ba B79448791. La utilizaci\u00f3n de esta p\u00e1gina Web atribuye la condici\u00f3n de Usuario a quien lo haga e implica la aceptaci\u00f3n de todas las condiciones incluidas en este Aviso Legal. El Usuario deber\u00e1 leer estas condiciones cada vez que acceda a esta [&hellip;]\" \/>\n<meta property=\"og:url\" content=\"https:\/\/www.dentaflux.com\/en\/aviso-legal\/\" \/>\n<meta property=\"og:site_name\" content=\"Dentaflux\" \/>\n<meta property=\"article:publisher\" content=\"https:\/\/www.facebook.com\/profile.php?id=100086302642107\" \/>\n<meta name=\"twitter:card\" content=\"summary_large_image\" \/>\n<meta name=\"twitter:label1\" content=\"Estimated reading time\" \/>\n\t<meta name=\"twitter:data1\" content=\"6 minutes\" \/>\n<script type=\"application\/ld+json\" class=\"yoast-schema-graph\">{\"@context\":\"https:\/\/schema.org\",\"@graph\":[{\"@type\":\"WebPage\",\"@id\":\"https:\/\/www.dentaflux.com\/aviso-legal\/\",\"url\":\"https:\/\/www.dentaflux.com\/aviso-legal\/\",\"name\":\"Aviso Legal - Dentaflux\",\"isPartOf\":{\"@id\":\"https:\/\/www.dentaflux.com\/#website\"},\"datePublished\":\"2017-09-28T10:10:23+00:00\",\"breadcrumb\":{\"@id\":\"https:\/\/www.dentaflux.com\/aviso-legal\/#breadcrumb\"},\"inLanguage\":\"en-GB\",\"potentialAction\":[{\"@type\":\"ReadAction\",\"target\":[\"https:\/\/www.dentaflux.com\/aviso-legal\/\"]}]},{\"@type\":\"BreadcrumbList\",\"@id\":\"https:\/\/www.dentaflux.com\/aviso-legal\/#breadcrumb\",\"itemListElement\":[{\"@type\":\"ListItem\",\"position\":1,\"name\":\"Portada\",\"item\":\"https:\/\/www.dentaflux.com\/\"},{\"@type\":\"ListItem\",\"position\":2,\"name\":\"Aviso Legal\"}]},{\"@type\":\"WebSite\",\"@id\":\"https:\/\/www.dentaflux.com\/#website\",\"url\":\"https:\/\/www.dentaflux.com\/\",\"name\":\"Dentaflux\",\"description\":\"Distribuidor de productos dentales\",\"publisher\":{\"@id\":\"https:\/\/www.dentaflux.com\/#organization\"},\"potentialAction\":[{\"@type\":\"SearchAction\",\"target\":{\"@type\":\"EntryPoint\",\"urlTemplate\":\"https:\/\/www.dentaflux.com\/?s={search_term_string}\"},\"query-input\":{\"@type\":\"PropertyValueSpecification\",\"valueRequired\":true,\"valueName\":\"search_term_string\"}}],\"inLanguage\":\"en-GB\"},{\"@type\":\"Organization\",\"@id\":\"https:\/\/www.dentaflux.com\/#organization\",\"name\":\"Dentaflux\",\"url\":\"https:\/\/www.dentaflux.com\/\",\"logo\":{\"@type\":\"ImageObject\",\"inLanguage\":\"en-GB\",\"@id\":\"https:\/\/www.dentaflux.com\/#\/schema\/logo\/image\/\",\"url\":\"https:\/\/www.dentaflux.com\/wp-content\/uploads\/2017\/08\/Logo-DENTAFLUX-1000px-20170725.png\",\"contentUrl\":\"https:\/\/www.dentaflux.com\/wp-content\/uploads\/2017\/08\/Logo-DENTAFLUX-1000px-20170725.png\",\"width\":1000,\"height\":271,\"caption\":\"Dentaflux\"},\"image\":{\"@id\":\"https:\/\/www.dentaflux.com\/#\/schema\/logo\/image\/\"},\"sameAs\":[\"https:\/\/www.facebook.com\/profile.php?id=100086302642107\",\"https:\/\/www.instagram.com\/dentaflux_\/\",\"https:\/\/www.linkedin.com\/company\/3318019\/admin\/feed\/posts\"]}]}<\/script>\n<!-- \/ Yoast SEO plugin. -->","yoast_head_json":{"title":"Aviso Legal - Dentaflux","robots":{"index":"index","follow":"follow","max-snippet":"max-snippet:-1","max-image-preview":"max-image-preview:large","max-video-preview":"max-video-preview:-1"},"canonical":"https:\/\/www.dentaflux.com\/en\/aviso-legal\/","og_locale":"en_GB","og_type":"article","og_title":"Aviso Legal - Dentaflux","og_description":"Esta p\u00e1gina web es titularidad de JRipoll S.L (en adelante Dentaflux) con CIF n\u00ba B79448791. La utilizaci\u00f3n de esta p\u00e1gina Web atribuye la condici\u00f3n de Usuario a quien lo haga e implica la aceptaci\u00f3n de todas las condiciones incluidas en este Aviso Legal. El Usuario deber\u00e1 leer estas condiciones cada vez que acceda a esta [&hellip;]","og_url":"https:\/\/www.dentaflux.com\/en\/aviso-legal\/","og_site_name":"Dentaflux","article_publisher":"https:\/\/www.facebook.com\/profile.php?id=100086302642107","twitter_card":"summary_large_image","twitter_misc":{"Estimated reading time":"6 minutes"},"schema":{"@context":"https:\/\/schema.org","@graph":[{"@type":"WebPage","@id":"https:\/\/www.dentaflux.com\/aviso-legal\/","url":"https:\/\/www.dentaflux.com\/aviso-legal\/","name":"Aviso Legal - Dentaflux","isPartOf":{"@id":"https:\/\/www.dentaflux.com\/#website"},"datePublished":"2017-09-28T10:10:23+00:00","breadcrumb":{"@id":"https:\/\/www.dentaflux.com\/aviso-legal\/#breadcrumb"},"inLanguage":"en-GB","potentialAction":[{"@type":"ReadAction","target":["https:\/\/www.dentaflux.com\/aviso-legal\/"]}]},{"@type":"BreadcrumbList","@id":"https:\/\/www.dentaflux.com\/aviso-legal\/#breadcrumb","itemListElement":[{"@type":"ListItem","position":1,"name":"Portada","item":"https:\/\/www.dentaflux.com\/"},{"@type":"ListItem","position":2,"name":"Aviso Legal"}]},{"@type":"WebSite","@id":"https:\/\/www.dentaflux.com\/#website","url":"https:\/\/www.dentaflux.com\/","name":"Dentaflux","description":"Distribuidor de productos dentales","publisher":{"@id":"https:\/\/www.dentaflux.com\/#organization"},"potentialAction":[{"@type":"SearchAction","target":{"@type":"EntryPoint","urlTemplate":"https:\/\/www.dentaflux.com\/?s={search_term_string}"},"query-input":{"@type":"PropertyValueSpecification","valueRequired":true,"valueName":"search_term_string"}}],"inLanguage":"en-GB"},{"@type":"Organization","@id":"https:\/\/www.dentaflux.com\/#organization","name":"Dentaflux","url":"https:\/\/www.dentaflux.com\/","logo":{"@type":"ImageObject","inLanguage":"en-GB","@id":"https:\/\/www.dentaflux.com\/#\/schema\/logo\/image\/","url":"https:\/\/www.dentaflux.com\/wp-content\/uploads\/2017\/08\/Logo-DENTAFLUX-1000px-20170725.png","contentUrl":"https:\/\/www.dentaflux.com\/wp-content\/uploads\/2017\/08\/Logo-DENTAFLUX-1000px-20170725.png","width":1000,"height":271,"caption":"Dentaflux"},"image":{"@id":"https:\/\/www.dentaflux.com\/#\/schema\/logo\/image\/"},"sameAs":["https:\/\/www.facebook.com\/profile.php?id=100086302642107","https:\/\/www.instagram.com\/dentaflux_\/","https:\/\/www.linkedin.com\/company\/3318019\/admin\/feed\/posts"]}]}},"_links":{"self":[{"href":"https:\/\/www.dentaflux.com\/en\/wp-json\/wp\/v2\/pages\/156","targetHints":{"allow":["GET"]}}],"collection":[{"href":"https:\/\/www.dentaflux.com\/en\/wp-json\/wp\/v2\/pages"}],"about":[{"href":"https:\/\/www.dentaflux.com\/en\/wp-json\/wp\/v2\/types\/page"}],"author":[{"embeddable":true,"href":"https:\/\/www.dentaflux.com\/en\/wp-json\/wp\/v2\/users\/1"}],"replies":[{"embeddable":true,"href":"https:\/\/www.dentaflux.com\/en\/wp-json\/wp\/v2\/comments?post=156"}],"version-history":[{"count":1,"href":"https:\/\/www.dentaflux.com\/en\/wp-json\/wp\/v2\/pages\/156\/revisions"}],"predecessor-version":[{"id":157,"href":"https:\/\/www.dentaflux.com\/en\/wp-json\/wp\/v2\/pages\/156\/revisions\/157"}],"wp:attachment":[{"href":"https:\/\/www.dentaflux.com\/en\/wp-json\/wp\/v2\/media?parent=156"}],"curies":[{"name":"wp","href":"https:\/\/api.w.org\/{rel}","templated":true}]}}