{"id":154,"date":"2017-09-28T12:03:38","date_gmt":"2017-09-28T10:03:38","guid":{"rendered":"https:\/\/www.dentaflux.com\/?page_id=154"},"modified":"2023-10-23T17:25:58","modified_gmt":"2023-10-23T15:25:58","slug":"politica-de-privacidad","status":"publish","type":"page","link":"https:\/\/www.dentaflux.com\/en\/politica-de-privacidad\/","title":{"rendered":"Politica de Privacidad"},"content":{"rendered":"<p><strong>POL\u00cdTICA DE PRIVACIDAD DE DATOS DE CAR\u00c1CTER PERSONAL<\/strong><\/p>\n<p>J RIPOLL S.L. pone a su disposici\u00f3n la informaci\u00f3n adicional referente al tratamiento de sus datos personales, tal y como establece el REGLAMENTO (UE) 2016\/679 DEL PARLAMENTO EUROPEO Y DEL CONSEJO de 27 de abril de 2016 (RGPD).<\/p>\n<p><strong>Datos del Responsable<\/strong><\/p>\n<p><strong>J RIPOLL S.L.<br \/>\nRio Tietar 20, <\/strong><\/p>\n<p><strong>28110 (Madrid)<br \/>\nTelf: 916289399<br \/>\nCIF: B-79448791<br \/>\nCorreo de contacto:\u00a0<\/strong><a href=\"mailto:info@dentaflux.com\"><strong>info@dentaflux.com<\/strong><\/a><\/p>\n<p><strong>Finalidades para el tratamiento de los datos de car\u00e1cter personal<\/strong><\/p>\n<p>En J RIPOLL S.L. \u00a0tratamos la informaci\u00f3n que nos facilitan las personas interesadas con sus servicios de acuerdo con las siguientes finalidades:<\/p>\n<ul>\n<li>Mantenimiento de la relaci\u00f3n comercial y contractual con nuestros clientes y proveedores.<\/li>\n<li>Gestionar su solicitud de informaci\u00f3n, preguntas y dudas recibidas en relaci\u00f3n con los productos y servicios que ofrece J RIPOLL S.L.<\/li>\n<li>Gestionar su solicitud de puesto vacante, mantenerlo informado sobre el proceso de selecci\u00f3n de personal y notificarle sobre futuras ofertas de empleo que se produzcan en nuestra organizaci\u00f3n.<\/li>\n<li>Gestionar quejas, reclamaciones, sugerencias y recomendaciones que se deriven del servicio prestado.<\/li>\n<li>Gestionar la relaci\u00f3n comercial, as\u00ed como informar de los productos, promociones y\/o noticias que puedan resultar de inter\u00e9s.<\/li>\n<\/ul>\n<p><strong>Legitimaci\u00f3n para el tratamiento de los datos<\/strong><\/p>\n<p>La base legal para el tratamiento de sus datos se basa en el consentimiento otorgado al completar cualquiera de los formularios que dispone J RIPOLL S.L. de sus servicios.<\/p>\n<p><strong>Periodo de conservaci\u00f3n de los datos<\/strong><\/p>\n<p>Los datos personales proporcionados con cualquier finalidad (solicitud de informaci\u00f3n, quejas, CV, sugerencias, etc) ser\u00e1n conservados durante el tiempo necesario para tramitar la solicitud, y en todo caso durante el tiempo establecido legalmente.<\/p>\n<p><strong>Destinatarios<\/strong><\/p>\n<p>Los datos personales ser\u00e1n gestionados \u00fanicamente por J RIPOLL S.L.<\/p>\n<p>Los datos no se ceder\u00e1n a terceros, salvo en los casos que se necesiten comunicar a colaboradores\/terceros con el fin de resolver y cubrir sus peticiones y\/o necesidades, o en los casos en que exista una obligaci\u00f3n legal.<\/p>\n<p><strong>Derechos<\/strong><\/p>\n<p>Cualquier persona tiene el derecho a:<\/p>\n<ul>\n<li>Acceder a sus datos personales,<\/li>\n<li>Solicitar la modificaci\u00f3n de sus datos,<\/li>\n<li>Solicitar su supresi\u00f3n cuando, entre otros motivos, los datos ya no sean necesarios para los fines para los que fueron recogidos,<\/li>\n<li>Oponerse al tratamiento de sus datos, por motivos relacionados con su situaci\u00f3n particular, solicitando que no sean tratados por J Ripoll S.L.<\/li>\n<li>En determinadas circunstancias, solicitar la limitaci\u00f3n del tratamiento de sus datos, en cuyo caso \u00fanicamente los conservaremos para el ejercicio o la defensa de reclamaciones.<\/li>\n<li>Retirar, siempre que quiera, el consentimiento prestado, sin que ello afecte a la licitud del tratamiento que hayamos realizado con anterioridad a dicha retirada.<\/li>\n<\/ul>\n<p>&nbsp;<\/p>\n<p>Para cualquier modificaci\u00f3n puede escribir un correo electr\u00f3nico a: info@dentaflux.com indicando el ejercicio que desea ejercer. Deber\u00e1 acreditarse la identidad del solicitante acompa\u00f1ando fotocopia del DNI o documento equivalente que nos permita comprobar su identidad.<\/p>\n<p>Asimismo, si no est\u00e1 conforme con c\u00f3mo hemos atendido sus derechos, podr\u00e1 presentar una reclamaci\u00f3n ante la Agencia Espa\u00f1ola de Protecci\u00f3n de Datos, a trav\u00e9s de la p\u00e1gina Web\u00a0<a href=\"http:\/\/www.aepd.es\/\">www.aepd.es<\/a>.<\/p>\n<p>En el caso que se solicite la limitaci\u00f3n del tratamiento de sus datos \u00fanicamente los conservaremos para el ejercicio o la defensa de reclamaciones y en los casos de oposici\u00f3n dejar\u00e1n de tratarse los datos, salvo por motivos leg\u00edtimos imperiosos, o el ejercicio o la defensa de posibles reclamaciones.<\/p>\n<p><strong>Medidas de seguridad<\/strong><\/p>\n<p>J RIPOLL S.L. aplica medidas t\u00e9cnicas y organizativas apropiadas para garantizar un nivel de seguridad adecuado en funci\u00f3n del riesgo. La protecci\u00f3n de sus datos se ampara conforme el art\u00edculo 32 del Reglamento (UE) 2016\/679, teniendo en cuenta el estado de la t\u00e9cnica, los costes de aplicaci\u00f3n, la naturaleza, el alcance, el contexto y los fines del tratamiento, as\u00ed como los riesgos de probabilidad y gravedad variables para los derechos y libertades de las personas f\u00edsicas.<\/p>","protected":false},"excerpt":{"rendered":"<p>POL\u00cdTICA DE PRIVACIDAD DE DATOS DE CAR\u00c1CTER PERSONAL J RIPOLL S.L. pone a su disposici\u00f3n la informaci\u00f3n adicional referente al tratamiento de sus datos personales, tal y como establece el REGLAMENTO (UE) 2016\/679 DEL PARLAMENTO EUROPEO Y DEL CONSEJO de 27 de abril de 2016 (RGPD). Datos del Responsable J RIPOLL S.L. Rio Tietar 20, [&hellip;]<\/p>","protected":false},"author":1,"featured_media":0,"parent":0,"menu_order":0,"comment_status":"closed","ping_status":"closed","template":"","meta":{"_et_pb_use_builder":"","_et_pb_old_content":"","_et_gb_content_width":"","footnotes":""},"class_list":["post-154","page","type-page","status-publish","hentry"],"yoast_head":"<!-- This site is optimized with the Yoast SEO plugin v26.6 - https:\/\/yoast.com\/wordpress\/plugins\/seo\/ -->\n<title>Politica de Privacidad - Dentaflux<\/title>\n<meta name=\"robots\" content=\"index, follow, max-snippet:-1, max-image-preview:large, max-video-preview:-1\" \/>\n<link rel=\"canonical\" href=\"https:\/\/www.dentaflux.com\/en\/politica-de-privacidad\/\" \/>\n<meta property=\"og:locale\" content=\"en_GB\" \/>\n<meta property=\"og:type\" content=\"article\" \/>\n<meta property=\"og:title\" content=\"Politica de Privacidad - Dentaflux\" \/>\n<meta property=\"og:description\" content=\"POL\u00cdTICA DE PRIVACIDAD DE DATOS DE CAR\u00c1CTER PERSONAL J RIPOLL S.L. pone a su disposici\u00f3n la informaci\u00f3n adicional referente al tratamiento de sus datos personales, tal y como establece el REGLAMENTO (UE) 2016\/679 DEL PARLAMENTO EUROPEO Y DEL CONSEJO de 27 de abril de 2016 (RGPD). Datos del Responsable J RIPOLL S.L. Rio Tietar 20, [&hellip;]\" \/>\n<meta property=\"og:url\" content=\"https:\/\/www.dentaflux.com\/en\/politica-de-privacidad\/\" \/>\n<meta property=\"og:site_name\" content=\"Dentaflux\" \/>\n<meta property=\"article:publisher\" content=\"https:\/\/www.facebook.com\/profile.php?id=100086302642107\" \/>\n<meta property=\"article:modified_time\" content=\"2023-10-23T15:25:58+00:00\" \/>\n<meta name=\"twitter:card\" content=\"summary_large_image\" \/>\n<meta name=\"twitter:label1\" content=\"Estimated reading time\" \/>\n\t<meta name=\"twitter:data1\" content=\"3 minutes\" \/>\n<script type=\"application\/ld+json\" class=\"yoast-schema-graph\">{\"@context\":\"https:\/\/schema.org\",\"@graph\":[{\"@type\":\"WebPage\",\"@id\":\"https:\/\/www.dentaflux.com\/politica-de-privacidad\/\",\"url\":\"https:\/\/www.dentaflux.com\/politica-de-privacidad\/\",\"name\":\"Politica de Privacidad - Dentaflux\",\"isPartOf\":{\"@id\":\"https:\/\/www.dentaflux.com\/#website\"},\"datePublished\":\"2017-09-28T10:03:38+00:00\",\"dateModified\":\"2023-10-23T15:25:58+00:00\",\"breadcrumb\":{\"@id\":\"https:\/\/www.dentaflux.com\/politica-de-privacidad\/#breadcrumb\"},\"inLanguage\":\"en-GB\",\"potentialAction\":[{\"@type\":\"ReadAction\",\"target\":[\"https:\/\/www.dentaflux.com\/politica-de-privacidad\/\"]}]},{\"@type\":\"BreadcrumbList\",\"@id\":\"https:\/\/www.dentaflux.com\/politica-de-privacidad\/#breadcrumb\",\"itemListElement\":[{\"@type\":\"ListItem\",\"position\":1,\"name\":\"Portada\",\"item\":\"https:\/\/www.dentaflux.com\/\"},{\"@type\":\"ListItem\",\"position\":2,\"name\":\"Politica de Privacidad\"}]},{\"@type\":\"WebSite\",\"@id\":\"https:\/\/www.dentaflux.com\/#website\",\"url\":\"https:\/\/www.dentaflux.com\/\",\"name\":\"Dentaflux\",\"description\":\"Distribuidor de productos dentales\",\"publisher\":{\"@id\":\"https:\/\/www.dentaflux.com\/#organization\"},\"potentialAction\":[{\"@type\":\"SearchAction\",\"target\":{\"@type\":\"EntryPoint\",\"urlTemplate\":\"https:\/\/www.dentaflux.com\/?s={search_term_string}\"},\"query-input\":{\"@type\":\"PropertyValueSpecification\",\"valueRequired\":true,\"valueName\":\"search_term_string\"}}],\"inLanguage\":\"en-GB\"},{\"@type\":\"Organization\",\"@id\":\"https:\/\/www.dentaflux.com\/#organization\",\"name\":\"Dentaflux\",\"url\":\"https:\/\/www.dentaflux.com\/\",\"logo\":{\"@type\":\"ImageObject\",\"inLanguage\":\"en-GB\",\"@id\":\"https:\/\/www.dentaflux.com\/#\/schema\/logo\/image\/\",\"url\":\"https:\/\/www.dentaflux.com\/wp-content\/uploads\/2017\/08\/Logo-DENTAFLUX-1000px-20170725.png\",\"contentUrl\":\"https:\/\/www.dentaflux.com\/wp-content\/uploads\/2017\/08\/Logo-DENTAFLUX-1000px-20170725.png\",\"width\":1000,\"height\":271,\"caption\":\"Dentaflux\"},\"image\":{\"@id\":\"https:\/\/www.dentaflux.com\/#\/schema\/logo\/image\/\"},\"sameAs\":[\"https:\/\/www.facebook.com\/profile.php?id=100086302642107\",\"https:\/\/www.instagram.com\/dentaflux_\/\",\"https:\/\/www.linkedin.com\/company\/3318019\/admin\/feed\/posts\"]}]}<\/script>\n<!-- \/ Yoast SEO plugin. -->","yoast_head_json":{"title":"Politica de Privacidad - Dentaflux","robots":{"index":"index","follow":"follow","max-snippet":"max-snippet:-1","max-image-preview":"max-image-preview:large","max-video-preview":"max-video-preview:-1"},"canonical":"https:\/\/www.dentaflux.com\/en\/politica-de-privacidad\/","og_locale":"en_GB","og_type":"article","og_title":"Politica de Privacidad - Dentaflux","og_description":"POL\u00cdTICA DE PRIVACIDAD DE DATOS DE CAR\u00c1CTER PERSONAL J RIPOLL S.L. pone a su disposici\u00f3n la informaci\u00f3n adicional referente al tratamiento de sus datos personales, tal y como establece el REGLAMENTO (UE) 2016\/679 DEL PARLAMENTO EUROPEO Y DEL CONSEJO de 27 de abril de 2016 (RGPD). Datos del Responsable J RIPOLL S.L. Rio Tietar 20, [&hellip;]","og_url":"https:\/\/www.dentaflux.com\/en\/politica-de-privacidad\/","og_site_name":"Dentaflux","article_publisher":"https:\/\/www.facebook.com\/profile.php?id=100086302642107","article_modified_time":"2023-10-23T15:25:58+00:00","twitter_card":"summary_large_image","twitter_misc":{"Estimated reading time":"3 minutes"},"schema":{"@context":"https:\/\/schema.org","@graph":[{"@type":"WebPage","@id":"https:\/\/www.dentaflux.com\/politica-de-privacidad\/","url":"https:\/\/www.dentaflux.com\/politica-de-privacidad\/","name":"Politica de Privacidad - Dentaflux","isPartOf":{"@id":"https:\/\/www.dentaflux.com\/#website"},"datePublished":"2017-09-28T10:03:38+00:00","dateModified":"2023-10-23T15:25:58+00:00","breadcrumb":{"@id":"https:\/\/www.dentaflux.com\/politica-de-privacidad\/#breadcrumb"},"inLanguage":"en-GB","potentialAction":[{"@type":"ReadAction","target":["https:\/\/www.dentaflux.com\/politica-de-privacidad\/"]}]},{"@type":"BreadcrumbList","@id":"https:\/\/www.dentaflux.com\/politica-de-privacidad\/#breadcrumb","itemListElement":[{"@type":"ListItem","position":1,"name":"Portada","item":"https:\/\/www.dentaflux.com\/"},{"@type":"ListItem","position":2,"name":"Politica de Privacidad"}]},{"@type":"WebSite","@id":"https:\/\/www.dentaflux.com\/#website","url":"https:\/\/www.dentaflux.com\/","name":"Dentaflux","description":"Distribuidor de productos dentales","publisher":{"@id":"https:\/\/www.dentaflux.com\/#organization"},"potentialAction":[{"@type":"SearchAction","target":{"@type":"EntryPoint","urlTemplate":"https:\/\/www.dentaflux.com\/?s={search_term_string}"},"query-input":{"@type":"PropertyValueSpecification","valueRequired":true,"valueName":"search_term_string"}}],"inLanguage":"en-GB"},{"@type":"Organization","@id":"https:\/\/www.dentaflux.com\/#organization","name":"Dentaflux","url":"https:\/\/www.dentaflux.com\/","logo":{"@type":"ImageObject","inLanguage":"en-GB","@id":"https:\/\/www.dentaflux.com\/#\/schema\/logo\/image\/","url":"https:\/\/www.dentaflux.com\/wp-content\/uploads\/2017\/08\/Logo-DENTAFLUX-1000px-20170725.png","contentUrl":"https:\/\/www.dentaflux.com\/wp-content\/uploads\/2017\/08\/Logo-DENTAFLUX-1000px-20170725.png","width":1000,"height":271,"caption":"Dentaflux"},"image":{"@id":"https:\/\/www.dentaflux.com\/#\/schema\/logo\/image\/"},"sameAs":["https:\/\/www.facebook.com\/profile.php?id=100086302642107","https:\/\/www.instagram.com\/dentaflux_\/","https:\/\/www.linkedin.com\/company\/3318019\/admin\/feed\/posts"]}]}},"_links":{"self":[{"href":"https:\/\/www.dentaflux.com\/en\/wp-json\/wp\/v2\/pages\/154","targetHints":{"allow":["GET"]}}],"collection":[{"href":"https:\/\/www.dentaflux.com\/en\/wp-json\/wp\/v2\/pages"}],"about":[{"href":"https:\/\/www.dentaflux.com\/en\/wp-json\/wp\/v2\/types\/page"}],"author":[{"embeddable":true,"href":"https:\/\/www.dentaflux.com\/en\/wp-json\/wp\/v2\/users\/1"}],"replies":[{"embeddable":true,"href":"https:\/\/www.dentaflux.com\/en\/wp-json\/wp\/v2\/comments?post=154"}],"version-history":[{"count":2,"href":"https:\/\/www.dentaflux.com\/en\/wp-json\/wp\/v2\/pages\/154\/revisions"}],"predecessor-version":[{"id":2548,"href":"https:\/\/www.dentaflux.com\/en\/wp-json\/wp\/v2\/pages\/154\/revisions\/2548"}],"wp:attachment":[{"href":"https:\/\/www.dentaflux.com\/en\/wp-json\/wp\/v2\/media?parent=154"}],"curies":[{"name":"wp","href":"https:\/\/api.w.org\/{rel}","templated":true}]}}